{"id":178,"date":"2024-01-31T16:06:40","date_gmt":"2024-01-31T15:06:40","guid":{"rendered":"https:\/\/www.lionssansepolcro.it\/?page_id=178"},"modified":"2024-02-01T10:22:09","modified_gmt":"2024-02-01T09:22:09","slug":"via-san-niccolo","status":"publish","type":"page","link":"https:\/\/www.lionssansepolcro.it\/en\/sansepolcro\/via-san-niccolo\/","title":{"rendered":"Via San Niccol\u00f2"},"content":{"rendered":"[et_pb_section fb_built=&#8221;1&#8243; _builder_version=&#8221;4.20.2&#8243; _module_preset=&#8221;default&#8221; global_colors_info=&#8221;{}&#8221;][et_pb_row _builder_version=&#8221;4.20.2&#8243; _module_preset=&#8221;default&#8221; custom_padding=&#8221;19px||15px|||&#8221; global_colors_info=&#8221;{}&#8221;][et_pb_column type=&#8221;4_4&#8243; _builder_version=&#8221;4.20.2&#8243; _module_preset=&#8221;default&#8221; global_colors_info=&#8221;{}&#8221;][et_pb_text _builder_version=&#8221;4.20.2&#8243; _module_preset=&#8221;default&#8221; header_text_align=&#8221;center&#8221; header_text_color=&#8221;gcid-7fb39c74-6696-4b04-920d-3624ea959f6b&#8221; header_font_size=&#8221;56px&#8221; header_2_text_align=&#8221;center&#8221; header_font_size_tablet=&#8221;48px&#8221; header_font_size_phone=&#8221;32px&#8221; header_font_size_last_edited=&#8221;on|phone&#8221; global_colors_info=&#8221;{%22gcid-7fb39c74-6696-4b04-920d-3624ea959f6b%22:%91%22header_text_color%22%93}&#8221;]<h1>VIA SAN NICCOL\u00d2<\/h1>\n<h2><span style=\"color: #0a0a0a;\">Q<a name=\"_GoBack\" style=\"color: #0a0a0a;\"><\/a><span style=\"font-size: x-large;\">UARTIERE DI SAN NICCOL\u00d2<\/span><\/span><\/h2>[\/et_pb_text][\/et_pb_column][\/et_pb_row][et_pb_row _builder_version=&#8221;4.20.2&#8243; _module_preset=&#8221;default&#8221; custom_padding=&#8221;17px|||||&#8221; global_colors_info=&#8221;{}&#8221;][et_pb_column type=&#8221;4_4&#8243; _builder_version=&#8221;4.20.2&#8243; _module_preset=&#8221;default&#8221; global_colors_info=&#8221;{}&#8221;][et_pb_text _builder_version=&#8221;4.20.2&#8243; _module_preset=&#8221;default&#8221; global_module=&#8221;118&#8243; global_colors_info=&#8221;{}&#8221;]<span><span><a href=\"https:\/\/www.lionssansepolcro.it\/en\/\">Home<\/a><\/span><\/span>\n[\/et_pb_text][\/et_pb_column][\/et_pb_row][et_pb_row column_structure=&#8221;1_5,3_5,1_5&#8243; _builder_version=&#8221;4.20.2&#8243; _module_preset=&#8221;default&#8221; custom_padding=&#8221;12px|||||&#8221; global_colors_info=&#8221;{}&#8221;][et_pb_column type=&#8221;1_5&#8243; disabled_on=&#8221;on|on|off&#8221; _builder_version=&#8221;4.20.2&#8243; _module_preset=&#8221;default&#8221; global_colors_info=&#8221;{}&#8221;][\/et_pb_column][et_pb_column type=&#8221;3_5&#8243; _builder_version=&#8221;4.20.2&#8243; _module_preset=&#8221;default&#8221; global_colors_info=&#8221;{}&#8221;][et_pb_image src=&#8221;https:\/\/www.lionssansepolcro.it\/wp-content\/uploads\/2024\/01\/San-Niccolo-2-1.png&#8221; alt=&#8221;Quartiere Santa Caterina Sansepolcro&#8221; title_text=&#8221;San Niccol\u00f2 2&#8243; align=&#8221;center&#8221; _builder_version=&#8221;4.24.0&#8243; _module_preset=&#8221;default&#8221; width=&#8221;100%&#8221; max_width=&#8221;100%&#8221; min_height=&#8221;100px&#8221; height=&#8221;501px&#8221; custom_margin=&#8221;|22px||||&#8221; global_colors_info=&#8221;{}&#8221;][\/et_pb_image][et_pb_text _builder_version=&#8221;4.24.0&#8243; _module_preset=&#8221;default&#8221; text_font_size=&#8221;18px&#8221; text_line_height=&#8221;1.8em&#8221; global_colors_info=&#8221;{}&#8221;]<p class=\"sdfootnote\"><span style=\"font-size: large;\">Il nome \u00e8 antico e deriva dalla chiesa di San Niccol\u00f2, dedicata al popolarissimo Santo di Bari e di origine medioevale. <\/span><\/p>[\/et_pb_text][et_pb_image src=&#8221;https:\/\/www.lionssansepolcro.it\/wp-content\/uploads\/2024\/01\/Ex-Chiesa-di-San-Niccolo-e-Portale.png&#8221; title_text=&#8221;Ex Chiesa di San Niccol\u00f2 e Portale&#8221; _builder_version=&#8221;4.24.0&#8243; _module_preset=&#8221;default&#8221; width=&#8221;100%&#8221; custom_padding=&#8221;|||71px||&#8221; global_colors_info=&#8221;{}&#8221;][\/et_pb_image][et_pb_text _builder_version=&#8221;4.24.0&#8243; _module_preset=&#8221;default&#8221; custom_margin=&#8221;36px|-1px|45px|||&#8221; global_colors_info=&#8221;{}&#8221;]<p style=\"text-align: center;\">Fig. 1 e 2 \u2013 Facciata Ex Chiesa di San Niccol\u00f2 e Portale.<\/p>[\/et_pb_text][et_pb_text _builder_version=&#8221;4.24.0&#8243; _module_preset=&#8221;default&#8221; custom_margin=&#8221;||20px|||&#8221; global_colors_info=&#8221;{}&#8221;]<h3 style=\"text-align: center;\">Abbazia e Chiesa di San Niccol\u00f2<\/h3>[\/et_pb_text][et_pb_text _builder_version=&#8221;4.24.0&#8243; _module_preset=&#8221;default&#8221; text_font_size=&#8221;18px&#8221; text_line_height=&#8221;1.8em&#8221; global_colors_info=&#8221;{}&#8221;]<p>Il Monastero appartenente all&#8217;Ordine camaldolese, situato a Sansepolcro, fino al 1520 nella Diocesi di Citt\u00e0 di Castello e successivamente sede vescoviale autonoma. I monaci camaldolesi giunsero a Sansepolcro nel 1136, stabilendosi presso la chieda di San Niccol\u00f2, situata nelle vicinanze della cinta muraria cittadina. Intorno al 1200 si trasferirono nell&#8217;abbazia benedettina intitolata a San Giovanni Evangelista &#8211; che era passata all&#8217;ordine camaldolese &#8211; abbandonando San Niccol\u00f2.<\/p>\n<p>La chiesa fu abbattuta alla fine del XIV secolo e ricostruita all&#8217;interno della citt\u00e0 presso la Porta Romana. Nel 1520, successivamente alla costruzione della diocesi di Sansepolcro, l&#8217;abbazia camaldolese fu soppressa e trasformata in Cattedrale, mentre i monaci camaldolesi lasciarono la citt\u00e0, per tornarvi intorno al 1532. Si stabilirono quindi presso la nuova chiesa di San Niccol\u00f2, ormai da tempo chiesa parrochiale. Nel 1808 il monastero fu soppresso e la cura d&#8217;anime venne trasferita nella chiesta di San Francesco.<\/p>\n<p>Oggi al visitatore non ha che da ammirare il Portale di facciata. <span>\u00c8 cinquecentesco ed \u00e8 bello. Il timpano triangolare spezzato poggia su due mensole scolpite. Al centro dell&#8217;architrave sta lo stemma camandolese; al centro del timpano \u00e8 l&#8217;espressivo busto di San Niccol\u00f2 o Nicola. Nell&#8217;interno della ex Chiesa, mirante circa m. 24&#215;10, ridotto ormai ad ambienti privati, non c&#8217;\u00e8 nulla da vedere<sup style=\"font-size: 60%;\">1<\/sup>.\u00a0<\/span><\/p>\n<hr \/>\n<p><sup style=\"font-size: 60%;\">1<\/sup> <span style=\"font-size: 12px;\">ANGELO TAFI, Immagine di Borgo San Sepolcro, Calosci-Cortona, 1994.<\/span><\/p>\n<p>STUDIO di GIULIANA MAGGINI.<\/p>[\/et_pb_text][et_pb_image src=&#8221;https:\/\/www.lionssansepolcro.it\/wp-content\/uploads\/2023\/11\/logo-universita-dell-eta-libera-sansepolcro.png&#8221; alt=&#8221;Universit\u00e0 dell&#8217;Et\u00e0 Libera &#8211; Sansepolcro&#8221; title_text=&#8221;Universit\u00e0 dell&#8217;Et\u00e0 Libera &#8211; Sansepolcro&#8221; align=&#8221;center&#8221; _builder_version=&#8221;4.20.2&#8243; _module_preset=&#8221;default&#8221; custom_padding=&#8221;3px|||||&#8221; global_colors_info=&#8221;{}&#8221;][\/et_pb_image][\/et_pb_column][et_pb_column type=&#8221;1_5&#8243; disabled_on=&#8221;on|on|off&#8221; _builder_version=&#8221;4.20.2&#8243; _module_preset=&#8221;default&#8221; global_colors_info=&#8221;{}&#8221;][\/et_pb_column][\/et_pb_row][\/et_pb_section]","protected":false},"excerpt":{"rendered":"<p>VIA SAN NICCOL\u00d2 QUARTIERE DI SAN NICCOL\u00d2<span><span><a href=\"https:\/\/www.lionssansepolcro.it\/en\/\">Home<\/a><\/span><\/span> Il nome \u00e8 antico e deriva dalla chiesa di San Niccol\u00f2, dedicata al popolarissimo Santo di Bari e di origine medioevale. Fig. 1 e 2 \u2013 Facciata Ex Chiesa di San Niccol\u00f2 e Portale.Abbazia e Chiesa di San Niccol\u00f2Il Monastero appartenente all&#8217;Ordine camaldolese, situato a Sansepolcro, fino al [&hellip;]<\/p>","protected":false},"author":1,"featured_media":0,"parent":59,"menu_order":6,"comment_status":"closed","ping_status":"closed","template":"","meta":{"_et_pb_use_builder":"on","_et_pb_old_content":"","_et_gb_content_width":"","footnotes":""},"class_list":["post-178","page","type-page","status-publish","hentry"],"yoast_head":"<!-- This site is optimized with the Yoast SEO plugin v27.4 - https:\/\/yoast.com\/product\/yoast-seo-wordpress\/ -->\n<title>Via San Niccol\u00f2 - Lions Sansepolcro<\/title>\n<meta name=\"robots\" content=\"noindex, follow\" \/>\n<meta property=\"og:locale\" content=\"en_GB\" \/>\n<meta property=\"og:type\" content=\"article\" \/>\n<meta property=\"og:title\" content=\"Via San Niccol\u00f2 - Lions Sansepolcro\" \/>\n<meta property=\"og:description\" content=\"VIA SAN NICCOL\u00d2 QUARTIERE DI SAN NICCOL\u00d2 Il nome \u00e8 antico e deriva dalla chiesa di San Niccol\u00f2, dedicata al popolarissimo Santo di Bari e di origine medioevale. Fig. 1 e 2 \u2013 Facciata Ex Chiesa di San Niccol\u00f2 e Portale.Abbazia e Chiesa di San Niccol\u00f2Il Monastero appartenente all&#039;Ordine camaldolese, situato a Sansepolcro, fino al [&hellip;]\" \/>\n<meta property=\"og:url\" content=\"https:\/\/www.lionssansepolcro.it\/en\/sansepolcro\/via-san-niccolo\/\" \/>\n<meta property=\"og:site_name\" content=\"Lions Sansepolcro\" \/>\n<meta property=\"article:modified_time\" content=\"2024-02-01T09:22:09+00:00\" \/>\n<meta name=\"twitter:card\" content=\"summary_large_image\" \/>\n<meta name=\"twitter:label1\" content=\"Estimated reading time\" \/>\n\t<meta name=\"twitter:data1\" content=\"4 minutes\" \/>\n<script type=\"application\/ld+json\" class=\"yoast-schema-graph\">{\"@context\":\"https:\\\/\\\/schema.org\",\"@graph\":[{\"@type\":\"WebPage\",\"@id\":\"https:\\\/\\\/www.lionssansepolcro.it\\\/sansepolcro\\\/via-san-niccolo\\\/\",\"url\":\"https:\\\/\\\/www.lionssansepolcro.it\\\/sansepolcro\\\/via-san-niccolo\\\/\",\"name\":\"Via San Niccol\u00f2 - Lions Sansepolcro\",\"isPartOf\":{\"@id\":\"https:\\\/\\\/www.lionssansepolcro.it\\\/#website\"},\"datePublished\":\"2024-01-31T15:06:40+00:00\",\"dateModified\":\"2024-02-01T09:22:09+00:00\",\"breadcrumb\":{\"@id\":\"https:\\\/\\\/www.lionssansepolcro.it\\\/sansepolcro\\\/via-san-niccolo\\\/#breadcrumb\"},\"inLanguage\":\"en-GB\",\"potentialAction\":[{\"@type\":\"ReadAction\",\"target\":[\"https:\\\/\\\/www.lionssansepolcro.it\\\/sansepolcro\\\/via-san-niccolo\\\/\"]}]},{\"@type\":\"BreadcrumbList\",\"@id\":\"https:\\\/\\\/www.lionssansepolcro.it\\\/sansepolcro\\\/via-san-niccolo\\\/#breadcrumb\",\"itemListElement\":[{\"@type\":\"ListItem\",\"position\":1,\"name\":\"Home\",\"item\":\"https:\\\/\\\/www.lionssansepolcro.it\\\/\"},{\"@type\":\"ListItem\",\"position\":2,\"name\":\"Sansepolcro\",\"item\":\"https:\\\/\\\/www.lionssansepolcro.it\\\/sansepolcro\\\/\"},{\"@type\":\"ListItem\",\"position\":3,\"name\":\"Via San Niccol\u00f2\"}]},{\"@type\":\"WebSite\",\"@id\":\"https:\\\/\\\/www.lionssansepolcro.it\\\/#website\",\"url\":\"https:\\\/\\\/www.lionssansepolcro.it\\\/\",\"name\":\"Lions Sansepolcro\",\"description\":\"\",\"potentialAction\":[{\"@type\":\"SearchAction\",\"target\":{\"@type\":\"EntryPoint\",\"urlTemplate\":\"https:\\\/\\\/www.lionssansepolcro.it\\\/?s={search_term_string}\"},\"query-input\":{\"@type\":\"PropertyValueSpecification\",\"valueRequired\":true,\"valueName\":\"search_term_string\"}}],\"inLanguage\":\"en-GB\"}]}<\/script>\n<!-- \/ Yoast SEO plugin. -->","yoast_head_json":{"title":"Via San Niccol\u00f2 - Lions Sansepolcro","robots":{"index":"noindex","follow":"follow"},"og_locale":"en_GB","og_type":"article","og_title":"Via San Niccol\u00f2 - Lions Sansepolcro","og_description":"VIA SAN NICCOL\u00d2 QUARTIERE DI SAN NICCOL\u00d2 Il nome \u00e8 antico e deriva dalla chiesa di San Niccol\u00f2, dedicata al popolarissimo Santo di Bari e di origine medioevale. Fig. 1 e 2 \u2013 Facciata Ex Chiesa di San Niccol\u00f2 e Portale.Abbazia e Chiesa di San Niccol\u00f2Il Monastero appartenente all'Ordine camaldolese, situato a Sansepolcro, fino al [&hellip;]","og_url":"https:\/\/www.lionssansepolcro.it\/en\/sansepolcro\/via-san-niccolo\/","og_site_name":"Lions Sansepolcro","article_modified_time":"2024-02-01T09:22:09+00:00","twitter_card":"summary_large_image","twitter_misc":{"Estimated reading time":"4 minutes"},"schema":{"@context":"https:\/\/schema.org","@graph":[{"@type":"WebPage","@id":"https:\/\/www.lionssansepolcro.it\/sansepolcro\/via-san-niccolo\/","url":"https:\/\/www.lionssansepolcro.it\/sansepolcro\/via-san-niccolo\/","name":"Via San Niccol\u00f2 - Lions Sansepolcro","isPartOf":{"@id":"https:\/\/www.lionssansepolcro.it\/#website"},"datePublished":"2024-01-31T15:06:40+00:00","dateModified":"2024-02-01T09:22:09+00:00","breadcrumb":{"@id":"https:\/\/www.lionssansepolcro.it\/sansepolcro\/via-san-niccolo\/#breadcrumb"},"inLanguage":"en-GB","potentialAction":[{"@type":"ReadAction","target":["https:\/\/www.lionssansepolcro.it\/sansepolcro\/via-san-niccolo\/"]}]},{"@type":"BreadcrumbList","@id":"https:\/\/www.lionssansepolcro.it\/sansepolcro\/via-san-niccolo\/#breadcrumb","itemListElement":[{"@type":"ListItem","position":1,"name":"Home","item":"https:\/\/www.lionssansepolcro.it\/"},{"@type":"ListItem","position":2,"name":"Sansepolcro","item":"https:\/\/www.lionssansepolcro.it\/sansepolcro\/"},{"@type":"ListItem","position":3,"name":"Via San Niccol\u00f2"}]},{"@type":"WebSite","@id":"https:\/\/www.lionssansepolcro.it\/#website","url":"https:\/\/www.lionssansepolcro.it\/","name":"Lions Sansepolcro","description":"","potentialAction":[{"@type":"SearchAction","target":{"@type":"EntryPoint","urlTemplate":"https:\/\/www.lionssansepolcro.it\/?s={search_term_string}"},"query-input":{"@type":"PropertyValueSpecification","valueRequired":true,"valueName":"search_term_string"}}],"inLanguage":"en-GB"}]}},"_links":{"self":[{"href":"https:\/\/www.lionssansepolcro.it\/en\/wp-json\/wp\/v2\/pages\/178","targetHints":{"allow":["GET"]}}],"collection":[{"href":"https:\/\/www.lionssansepolcro.it\/en\/wp-json\/wp\/v2\/pages"}],"about":[{"href":"https:\/\/www.lionssansepolcro.it\/en\/wp-json\/wp\/v2\/types\/page"}],"author":[{"embeddable":true,"href":"https:\/\/www.lionssansepolcro.it\/en\/wp-json\/wp\/v2\/users\/1"}],"replies":[{"embeddable":true,"href":"https:\/\/www.lionssansepolcro.it\/en\/wp-json\/wp\/v2\/comments?post=178"}],"version-history":[{"count":9,"href":"https:\/\/www.lionssansepolcro.it\/en\/wp-json\/wp\/v2\/pages\/178\/revisions"}],"predecessor-version":[{"id":371,"href":"https:\/\/www.lionssansepolcro.it\/en\/wp-json\/wp\/v2\/pages\/178\/revisions\/371"}],"up":[{"embeddable":true,"href":"https:\/\/www.lionssansepolcro.it\/en\/wp-json\/wp\/v2\/pages\/59"}],"wp:attachment":[{"href":"https:\/\/www.lionssansepolcro.it\/en\/wp-json\/wp\/v2\/media?parent=178"}],"curies":[{"name":"wp","href":"https:\/\/api.w.org\/{rel}","templated":true}]}}