{"id":253,"date":"2024-01-31T16:07:18","date_gmt":"2024-01-31T15:07:18","guid":{"rendered":"https:\/\/www.lionssansepolcro.it\/?page_id=253"},"modified":"2024-02-01T10:43:36","modified_gmt":"2024-02-01T09:43:36","slug":"via-giuseppe-mazzini","status":"publish","type":"page","link":"https:\/\/www.lionssansepolcro.it\/en\/sansepolcro\/via-giuseppe-mazzini\/","title":{"rendered":"Via Giuseppe Mazzini"},"content":{"rendered":"<p>[et_pb_section fb_built=&#8221;1&#8243; _builder_version=&#8221;4.20.2&#8243; _module_preset=&#8221;default&#8221; global_colors_info=&#8221;{}&#8221;][et_pb_row _builder_version=&#8221;4.20.2&#8243; _module_preset=&#8221;default&#8221; custom_padding=&#8221;19px||15px|||&#8221; global_colors_info=&#8221;{}&#8221;][et_pb_column type=&#8221;4_4&#8243; _builder_version=&#8221;4.20.2&#8243; _module_preset=&#8221;default&#8221; global_colors_info=&#8221;{}&#8221;][et_pb_text _builder_version=&#8221;4.20.2&#8243; _module_preset=&#8221;default&#8221; header_text_align=&#8221;center&#8221; header_text_color=&#8221;gcid-7fb39c74-6696-4b04-920d-3624ea959f6b&#8221; header_font_size=&#8221;56px&#8221; header_2_text_align=&#8221;center&#8221; header_font_size_tablet=&#8221;48px&#8221; header_font_size_phone=&#8221;32px&#8221; header_font_size_last_edited=&#8221;on|phone&#8221; global_colors_info=&#8221;{%22gcid-7fb39c74-6696-4b04-920d-3624ea959f6b%22:%91%22header_text_color%22%93}&#8221;]<\/p>\n<h1>VIA GIUSEPPE MAZZINI<\/h1>\n<h2><span style=\"color: #0a0a0a;\">Q<a name=\"_GoBack\" style=\"color: #0a0a0a;\"><\/a><span style=\"font-size: x-large;\">UARTIERE DI SAN BARTOLOMEO<\/span><\/span><\/h2>\n<p>[\/et_pb_text][\/et_pb_column][\/et_pb_row][et_pb_row _builder_version=&#8221;4.20.2&#8243; _module_preset=&#8221;default&#8221; custom_padding=&#8221;17px|||||&#8221; global_colors_info=&#8221;{}&#8221;][et_pb_column type=&#8221;4_4&#8243; _builder_version=&#8221;4.20.2&#8243; _module_preset=&#8221;default&#8221; global_colors_info=&#8221;{}&#8221;][et_pb_text _builder_version=&#8221;4.20.2&#8243; _module_preset=&#8221;default&#8221; global_module=&#8221;118&#8243; global_colors_info=&#8221;{}&#8221;]<\/p>\n<span><span><a href=\"https:\/\/www.lionssansepolcro.it\/en\/\">Home<\/a><\/span><\/span>\n<p>[\/et_pb_text][\/et_pb_column][\/et_pb_row][et_pb_row column_structure=&#8221;1_5,3_5,1_5&#8243; _builder_version=&#8221;4.20.2&#8243; _module_preset=&#8221;default&#8221; custom_padding=&#8221;12px|||||&#8221; global_colors_info=&#8221;{}&#8221;][et_pb_column type=&#8221;1_5&#8243; disabled_on=&#8221;on|on|off&#8221; _builder_version=&#8221;4.20.2&#8243; _module_preset=&#8221;default&#8221; global_colors_info=&#8221;{}&#8221;][\/et_pb_column][et_pb_column type=&#8221;3_5&#8243; _builder_version=&#8221;4.20.2&#8243; _module_preset=&#8221;default&#8221; global_colors_info=&#8221;{}&#8221;][et_pb_image src=&#8221;https:\/\/www.lionssansepolcro.it\/wp-content\/uploads\/2024\/01\/Giuseppe-Mazzini.png&#8221; alt=&#8221;Via Giuseppe Mazzini &#8211; Sansepolcro&#8221; title_text=&#8221;Via Giuseppe Mazzini &#8211; Sansepolcro&#8221; align=&#8221;center&#8221; _builder_version=&#8221;4.24.0&#8243; _module_preset=&#8221;default&#8221; width=&#8221;96%&#8221; max_width=&#8221;100%&#8221; min_height=&#8221;100px&#8221; height=&#8221;501px&#8221; custom_margin=&#8221;|-42px||8px||&#8221; custom_padding=&#8221;|0px||0px||&#8221; hover_enabled=&#8221;0&#8243; global_colors_info=&#8221;{}&#8221; sticky_enabled=&#8221;0&#8243;][\/et_pb_image][et_pb_text _builder_version=&#8221;4.24.0&#8243; _module_preset=&#8221;default&#8221; text_font_size=&#8221;18px&#8221; text_line_height=&#8221;1.8em&#8221; hover_enabled=&#8221;0&#8243; global_colors_info=&#8221;{}&#8221; custom_padding=&#8221;|||0px||&#8221; width=&#8221;100%&#8221; max_width=&#8221;100%&#8221; sticky_enabled=&#8221;0&#8243;]<\/p>\n<p class=\"western\" align=\"justify\"><span style=\"font-size: large;\">La strada presenta due tratti: sud e nord, tagliati dalla via XX Settembre: il tratto a nord (da Via XX Settembre a Via Aggiunti) era detto Via di Mezzo, come si vede nella pianta del 1828. In questo tratto si possono vedere sulla destra, il lato occidentale di un palazzo seicentesco che si affaccia a sud su Via XX Settembre. A sinistra vediamo il lato orientale del Palazzo Alberti la cui facciata si apre su Via XX Settembre. Continuando verso Via Aggiunti abbiamo a destra, il lato occidentale del Palazzo Fabbrigiani che ha la facciata su Via Aggiunti. Palazzo Fabbrigiani, gi\u00e0 Aggiunti, \u00e8 uno dei pi\u00f9 interessanti della citt\u00e0. \u00c8 stato costruito tra Sei e Settecento; l\u2019intera facciata \u00e8 in cotto ma le mensole ed il portale sono in pietra. Il tratto a sud (da Via XX Settembre a Via S. Croce) era detto Via del Panico, come si vede nella pianta del 1828. Questo nome, rimasto fino al 1936, era dovuto ad una bottega artigianale di fornaio che probabilmente era presente in questa strada. Prese poi il nome di Giuseppe Mazzini per onorare il grande patriota italiano.<\/span><span><sup style=\"font-size: 60%;\">1 <\/sup><\/span><span style=\"font-size: large;\">\u00c8 caratteristico di questa via l\u2019affaccio su di essa di diversi palazzi che hanno la facciata sulla pi\u00f9 importane e parallela Via Pacioli. Poco dopo l\u2019inizio sulla destra, dopo il n. 3 \u00e8 il retro di un palazzo cinquecentesco; gi\u00e0 avanti, al n. 15 \u00e8 il retro del grandioso Palazzo Aloigi Luzzi. Oltrepassato l\u2019incrocio con Via S. Bartolomeo abbiamo, il retro di due palazzi al n. 23 e al n. 25, cinquecenteschi e aventi su Via Pacioli la facciata principale. Al n. 44 \u00e8 un bel palazzetto trecentesco-quattrocentesco. Al piano-terra sulla sinistra si vedono due ampie aperture per fondaci, in pietra e con archi a tutto sesto; e sulla destra una porta stretta, la cosiddetta porta del morto ma che in realt\u00e0 era la vera e propria porta di casa, tanto \u00e8 vero che all\u2019interno corrisponde ad essa la scala. Nella facciata \u00e8 un curioso bassorilievo con un animale che sembra un coccodrillo. Al n. 64 c\u2019\u00e8 la casa natale di Carlo Fantoni. Qui nacque l\u20198 novembre 1807. La lapide posta in facciata su Via Luca Pacioli, ricorda il sacerdote Carlo Fantoni patriota e poeta.<\/span><span><sup style=\"font-size: 60%;\">2<\/sup><\/span><span style=\"font-size: large;\"><\/span><\/p>\n<p>[\/et_pb_text][et_pb_image src=&#8221;https:\/\/www.lionssansepolcro.it\/wp-content\/uploads\/2024\/01\/Palazzo-Via-Mazzini-e-rilievo-coccodrillo.png&#8221; title_text=&#8221;Palazzo Via Mazzini e rilievo coccodrillo&#8221; _builder_version=&#8221;4.24.0&#8243; _module_preset=&#8221;default&#8221; width=&#8221;100%&#8221; custom_padding=&#8221;|||71px||&#8221; global_colors_info=&#8221;{}&#8221;][\/et_pb_image][et_pb_text _builder_version=&#8221;4.24.0&#8243; _module_preset=&#8221;default&#8221; custom_margin=&#8221;36px|-1px|28px|||&#8221; global_colors_info=&#8221;{}&#8221;]<\/p>\n<p style=\"text-align: center;\"><span><sup style=\"font-size: 14px;\">Fig. 1 e 2 &#8211; Palazzo al n.44 di Via Mazzini e il bassorilievo del coccodrillo.<\/sup><\/span><\/p>\n<hr \/>\n<p><sup style=\"font-size: 60%;\">1<\/sup> <span style=\"font-size: 12px;\">ROSALBA BRIZZI, <em>Notturno al Museo<\/em>, 1997.<\/span><br \/><sup style=\"font-size: 60%;\">2<\/sup> <span style=\"font-size: 12px;\">ANGELO TAFI, <em>Immagine di Borgo Sansepolcro<\/em>, pag. 397, Calosci-Cortona, 1994.<\/span><\/p>\n<p>[\/et_pb_text][et_pb_text _builder_version=&#8221;4.24.0&#8243; _module_preset=&#8221;default&#8221; text_font_size=&#8221;18px&#8221; text_line_height=&#8221;1.8em&#8221; header_3_text_align=&#8221;center&#8221; header_3_text_color=&#8221;gcid-7fb39c74-6696-4b04-920d-3624ea959f6b&#8221; header_3_font_size=&#8221;24px&#8221; header_3_line_height=&#8221;1.8em&#8221; custom_margin=&#8221;||5px|||&#8221; locked=&#8221;off&#8221; global_colors_info=&#8221;{%22gcid-7fb39c74-6696-4b04-920d-3624ea959f6b%22:%91%22header_3_text_color%22%93}&#8221;]<\/p>\n<h3>GIUSEPPE MAZZINI<\/h3>\n<p>[\/et_pb_text][et_pb_text _builder_version=&#8221;4.24.0&#8243; _module_preset=&#8221;default&#8221; text_font_size=&#8221;18px&#8221; text_line_height=&#8221;1.8em&#8221; global_colors_info=&#8221;{}&#8221;]<\/p>\n<p class=\"western\" align=\"justify\"><span style=\"font-size: large;\">Giuseppe Mazzini nacque a Genova nel 1805, figlio di Giacomo Mazzini (che faceva il medico) e di Maria Drago che fu la sua ispiratrice e consolatrice, Mazzini nella sua prima giovinezza (cio\u00e8 nell\u2019 aprile del1821) riusc\u00ec ad avere la rivelazione di ci\u00f2 che si poteva fare per la causa italiana. Affiliatosi alla Carboneria, fu imprigionato nel carcere di Savona, dove ebbe la rivelazione del suo ideale politico. Nel 1831 venne scarcerato, ma costretto all\u2019 esilio a Marsiglia, dove fond\u00f2 la \u201cGiovane Italia\u201d. Condannato a morte dal governo sardo dopo le repressioni di Ruffini nel 1833, passa in Svizzera e di l\u00e0 tenta una spedizione in Savoia nel 1834, che per\u00f2 falli miseramente. Nel fond\u00f2 la \u201cGiovine Europa\u201d; espulso dalla Svizzera, si rifugia a Londra, dove riprese la sua opera. Nel 1849, (quando fu proclamata la repubblica), Mazzini \u00e8 triumviro della Repubblica Romana, ma caduta la Repubblica, malgrado l\u2019eroica difesa di Garibaldi, Mazzini riparte per l\u2019esilio; ritorn\u00f2 in Italia nel 1859-60, poi nel 1870 fu nuovamente arrestato a Palermo per una cospirazione repubblicana. Ritiratosi a Pisa, in casa di Rosselli, sotto il nome di Brown, mor\u00ec il 10 marzo del 1872. Fu seppellito con funerali memorabili, nel cimitero di Staglieno a Genova.<\/span><span><sup style=\"font-size: 60%;\">3<\/sup><\/span><\/p>\n<hr \/>\n<p><sup style=\"font-size: 60%;\">3<\/sup> <span style=\"font-size: 12px;\">ROSALBA BRIZZI, <em>Notturno al Museo<\/em>, 1997.<\/span><\/p>\n<p>STUDIO di ROSALBA BRIZZI.<\/p>\n<p>[\/et_pb_text][et_pb_image src=&#8221;https:\/\/www.lionssansepolcro.it\/wp-content\/uploads\/2023\/11\/logo-universita-dell-eta-libera-sansepolcro.png&#8221; alt=&#8221;Universit\u00e0 dell&#8217;Et\u00e0 Libera &#8211; Sansepolcro&#8221; title_text=&#8221;Universit\u00e0 dell&#8217;Et\u00e0 Libera &#8211; Sansepolcro&#8221; align=&#8221;center&#8221; _builder_version=&#8221;4.20.2&#8243; _module_preset=&#8221;default&#8221; custom_padding=&#8221;3px|||||&#8221; global_colors_info=&#8221;{}&#8221;][\/et_pb_image][\/et_pb_column][et_pb_column type=&#8221;1_5&#8243; disabled_on=&#8221;on|on|off&#8221; _builder_version=&#8221;4.20.2&#8243; _module_preset=&#8221;default&#8221; global_colors_info=&#8221;{}&#8221;][\/et_pb_column][\/et_pb_row][\/et_pb_section]<\/p>","protected":false},"excerpt":{"rendered":"<p>VIA GIUSEPPE MAZZINI QUARTIERE DI SAN BARTOLOMEO<span><span><a href=\"https:\/\/www.lionssansepolcro.it\/en\/\">Home<\/a><\/span><\/span> La strada presenta due tratti: sud e nord, tagliati dalla via XX Settembre: il tratto a nord (da Via XX Settembre a Via Aggiunti) era detto Via di Mezzo, come si vede nella pianta del 1828. In questo tratto si possono vedere sulla destra, il lato occidentale di [&hellip;]<\/p>","protected":false},"author":1,"featured_media":0,"parent":59,"menu_order":4,"comment_status":"closed","ping_status":"closed","template":"","meta":{"_et_pb_use_builder":"on","_et_pb_old_content":"","_et_gb_content_width":"","footnotes":""},"class_list":["post-253","page","type-page","status-publish","hentry"],"yoast_head":"<!-- This site is optimized with the Yoast SEO plugin v27.4 - https:\/\/yoast.com\/product\/yoast-seo-wordpress\/ -->\n<title>Via Giuseppe Mazzini - Lions Sansepolcro<\/title>\n<meta name=\"robots\" content=\"noindex, follow\" \/>\n<meta property=\"og:locale\" content=\"en_GB\" \/>\n<meta property=\"og:type\" content=\"article\" \/>\n<meta property=\"og:title\" content=\"Via Giuseppe Mazzini - Lions Sansepolcro\" \/>\n<meta property=\"og:description\" content=\"VIA GIUSEPPE MAZZINI QUARTIERE DI SAN BARTOLOMEO La strada presenta due tratti: sud e nord, tagliati dalla via XX Settembre: il tratto a nord (da Via XX Settembre a Via Aggiunti) era detto Via di Mezzo, come si vede nella pianta del 1828. In questo tratto si possono vedere sulla destra, il lato occidentale di [&hellip;]\" \/>\n<meta property=\"og:url\" content=\"https:\/\/www.lionssansepolcro.it\/en\/sansepolcro\/via-giuseppe-mazzini\/\" \/>\n<meta property=\"og:site_name\" content=\"Lions Sansepolcro\" \/>\n<meta property=\"article:modified_time\" content=\"2024-02-01T09:43:36+00:00\" \/>\n<meta name=\"twitter:card\" content=\"summary_large_image\" \/>\n<meta name=\"twitter:label1\" content=\"Estimated reading time\" \/>\n\t<meta name=\"twitter:data1\" content=\"6 minutes\" \/>\n<script type=\"application\/ld+json\" class=\"yoast-schema-graph\">{\"@context\":\"https:\\\/\\\/schema.org\",\"@graph\":[{\"@type\":\"WebPage\",\"@id\":\"https:\\\/\\\/www.lionssansepolcro.it\\\/sansepolcro\\\/via-giuseppe-mazzini\\\/\",\"url\":\"https:\\\/\\\/www.lionssansepolcro.it\\\/sansepolcro\\\/via-giuseppe-mazzini\\\/\",\"name\":\"Via Giuseppe Mazzini - Lions Sansepolcro\",\"isPartOf\":{\"@id\":\"https:\\\/\\\/www.lionssansepolcro.it\\\/#website\"},\"datePublished\":\"2024-01-31T15:07:18+00:00\",\"dateModified\":\"2024-02-01T09:43:36+00:00\",\"breadcrumb\":{\"@id\":\"https:\\\/\\\/www.lionssansepolcro.it\\\/sansepolcro\\\/via-giuseppe-mazzini\\\/#breadcrumb\"},\"inLanguage\":\"en-GB\",\"potentialAction\":[{\"@type\":\"ReadAction\",\"target\":[\"https:\\\/\\\/www.lionssansepolcro.it\\\/sansepolcro\\\/via-giuseppe-mazzini\\\/\"]}]},{\"@type\":\"BreadcrumbList\",\"@id\":\"https:\\\/\\\/www.lionssansepolcro.it\\\/sansepolcro\\\/via-giuseppe-mazzini\\\/#breadcrumb\",\"itemListElement\":[{\"@type\":\"ListItem\",\"position\":1,\"name\":\"Home\",\"item\":\"https:\\\/\\\/www.lionssansepolcro.it\\\/\"},{\"@type\":\"ListItem\",\"position\":2,\"name\":\"Sansepolcro\",\"item\":\"https:\\\/\\\/www.lionssansepolcro.it\\\/sansepolcro\\\/\"},{\"@type\":\"ListItem\",\"position\":3,\"name\":\"Via Giuseppe Mazzini\"}]},{\"@type\":\"WebSite\",\"@id\":\"https:\\\/\\\/www.lionssansepolcro.it\\\/#website\",\"url\":\"https:\\\/\\\/www.lionssansepolcro.it\\\/\",\"name\":\"Lions Sansepolcro\",\"description\":\"\",\"potentialAction\":[{\"@type\":\"SearchAction\",\"target\":{\"@type\":\"EntryPoint\",\"urlTemplate\":\"https:\\\/\\\/www.lionssansepolcro.it\\\/?s={search_term_string}\"},\"query-input\":{\"@type\":\"PropertyValueSpecification\",\"valueRequired\":true,\"valueName\":\"search_term_string\"}}],\"inLanguage\":\"en-GB\"}]}<\/script>\n<!-- \/ Yoast SEO plugin. -->","yoast_head_json":{"title":"Via Giuseppe Mazzini - Lions Sansepolcro","robots":{"index":"noindex","follow":"follow"},"og_locale":"en_GB","og_type":"article","og_title":"Via Giuseppe Mazzini - Lions Sansepolcro","og_description":"VIA GIUSEPPE MAZZINI QUARTIERE DI SAN BARTOLOMEO La strada presenta due tratti: sud e nord, tagliati dalla via XX Settembre: il tratto a nord (da Via XX Settembre a Via Aggiunti) era detto Via di Mezzo, come si vede nella pianta del 1828. In questo tratto si possono vedere sulla destra, il lato occidentale di [&hellip;]","og_url":"https:\/\/www.lionssansepolcro.it\/en\/sansepolcro\/via-giuseppe-mazzini\/","og_site_name":"Lions Sansepolcro","article_modified_time":"2024-02-01T09:43:36+00:00","twitter_card":"summary_large_image","twitter_misc":{"Estimated reading time":"6 minutes"},"schema":{"@context":"https:\/\/schema.org","@graph":[{"@type":"WebPage","@id":"https:\/\/www.lionssansepolcro.it\/sansepolcro\/via-giuseppe-mazzini\/","url":"https:\/\/www.lionssansepolcro.it\/sansepolcro\/via-giuseppe-mazzini\/","name":"Via Giuseppe Mazzini - Lions Sansepolcro","isPartOf":{"@id":"https:\/\/www.lionssansepolcro.it\/#website"},"datePublished":"2024-01-31T15:07:18+00:00","dateModified":"2024-02-01T09:43:36+00:00","breadcrumb":{"@id":"https:\/\/www.lionssansepolcro.it\/sansepolcro\/via-giuseppe-mazzini\/#breadcrumb"},"inLanguage":"en-GB","potentialAction":[{"@type":"ReadAction","target":["https:\/\/www.lionssansepolcro.it\/sansepolcro\/via-giuseppe-mazzini\/"]}]},{"@type":"BreadcrumbList","@id":"https:\/\/www.lionssansepolcro.it\/sansepolcro\/via-giuseppe-mazzini\/#breadcrumb","itemListElement":[{"@type":"ListItem","position":1,"name":"Home","item":"https:\/\/www.lionssansepolcro.it\/"},{"@type":"ListItem","position":2,"name":"Sansepolcro","item":"https:\/\/www.lionssansepolcro.it\/sansepolcro\/"},{"@type":"ListItem","position":3,"name":"Via Giuseppe Mazzini"}]},{"@type":"WebSite","@id":"https:\/\/www.lionssansepolcro.it\/#website","url":"https:\/\/www.lionssansepolcro.it\/","name":"Lions Sansepolcro","description":"","potentialAction":[{"@type":"SearchAction","target":{"@type":"EntryPoint","urlTemplate":"https:\/\/www.lionssansepolcro.it\/?s={search_term_string}"},"query-input":{"@type":"PropertyValueSpecification","valueRequired":true,"valueName":"search_term_string"}}],"inLanguage":"en-GB"}]}},"_links":{"self":[{"href":"https:\/\/www.lionssansepolcro.it\/en\/wp-json\/wp\/v2\/pages\/253","targetHints":{"allow":["GET"]}}],"collection":[{"href":"https:\/\/www.lionssansepolcro.it\/en\/wp-json\/wp\/v2\/pages"}],"about":[{"href":"https:\/\/www.lionssansepolcro.it\/en\/wp-json\/wp\/v2\/types\/page"}],"author":[{"embeddable":true,"href":"https:\/\/www.lionssansepolcro.it\/en\/wp-json\/wp\/v2\/users\/1"}],"replies":[{"embeddable":true,"href":"https:\/\/www.lionssansepolcro.it\/en\/wp-json\/wp\/v2\/comments?post=253"}],"version-history":[{"count":10,"href":"https:\/\/www.lionssansepolcro.it\/en\/wp-json\/wp\/v2\/pages\/253\/revisions"}],"predecessor-version":[{"id":380,"href":"https:\/\/www.lionssansepolcro.it\/en\/wp-json\/wp\/v2\/pages\/253\/revisions\/380"}],"up":[{"embeddable":true,"href":"https:\/\/www.lionssansepolcro.it\/en\/wp-json\/wp\/v2\/pages\/59"}],"wp:attachment":[{"href":"https:\/\/www.lionssansepolcro.it\/en\/wp-json\/wp\/v2\/media?parent=253"}],"curies":[{"name":"wp","href":"https:\/\/api.w.org\/{rel}","templated":true}]}}