{"id":265,"date":"2024-01-31T16:07:38","date_gmt":"2024-01-31T15:07:38","guid":{"rendered":"https:\/\/www.lionssansepolcro.it\/?page_id=265"},"modified":"2024-02-01T09:36:41","modified_gmt":"2024-02-01T08:36:41","slug":"via-francesco-lazzerini","status":"publish","type":"page","link":"https:\/\/www.lionssansepolcro.it\/en\/sansepolcro\/via-francesco-lazzerini\/","title":{"rendered":"Via Francesco Lazzerini"},"content":{"rendered":"[et_pb_section fb_built=&#8221;1&#8243; _builder_version=&#8221;4.20.2&#8243; _module_preset=&#8221;default&#8221; global_colors_info=&#8221;{}&#8221;][et_pb_row _builder_version=&#8221;4.20.2&#8243; _module_preset=&#8221;default&#8221; custom_padding=&#8221;19px||15px|||&#8221; global_colors_info=&#8221;{}&#8221;][et_pb_column type=&#8221;4_4&#8243; _builder_version=&#8221;4.20.2&#8243; _module_preset=&#8221;default&#8221; global_colors_info=&#8221;{}&#8221;][et_pb_text _builder_version=&#8221;4.20.2&#8243; _module_preset=&#8221;default&#8221; header_text_align=&#8221;center&#8221; header_text_color=&#8221;gcid-7fb39c74-6696-4b04-920d-3624ea959f6b&#8221; header_font_size=&#8221;56px&#8221; header_2_text_align=&#8221;center&#8221; header_font_size_tablet=&#8221;48px&#8221; header_font_size_phone=&#8221;32px&#8221; header_font_size_last_edited=&#8221;on|phone&#8221; global_colors_info=&#8221;{%22gcid-7fb39c74-6696-4b04-920d-3624ea959f6b%22:%91%22header_text_color%22%93}&#8221;]<h1>VIA FRANCESCO LAZZERINI<\/h1>\n<h2><span style=\"color: #0a0a0a;\">Q<a name=\"_GoBack\" style=\"color: #0a0a0a;\"><\/a><span style=\"font-size: x-large;\">UARTIERE DI SAN NICCOL<span>\u00d2\u00a0<\/span><\/span><\/span><\/h2>[\/et_pb_text][\/et_pb_column][\/et_pb_row][et_pb_row _builder_version=&#8221;4.20.2&#8243; _module_preset=&#8221;default&#8221; custom_padding=&#8221;17px|||||&#8221; global_colors_info=&#8221;{}&#8221;][et_pb_column type=&#8221;4_4&#8243; _builder_version=&#8221;4.20.2&#8243; _module_preset=&#8221;default&#8221; global_colors_info=&#8221;{}&#8221;][et_pb_text _builder_version=&#8221;4.20.2&#8243; _module_preset=&#8221;default&#8221; global_module=&#8221;118&#8243; global_colors_info=&#8221;{}&#8221;]<span><span><a href=\"https:\/\/www.lionssansepolcro.it\/en\/\">Home<\/a><\/span><\/span>\n[\/et_pb_text][\/et_pb_column][\/et_pb_row][et_pb_row column_structure=&#8221;1_5,3_5,1_5&#8243; _builder_version=&#8221;4.20.2&#8243; _module_preset=&#8221;default&#8221; custom_padding=&#8221;12px|||||&#8221; global_colors_info=&#8221;{}&#8221;][et_pb_column type=&#8221;1_5&#8243; disabled_on=&#8221;on|on|off&#8221; _builder_version=&#8221;4.20.2&#8243; _module_preset=&#8221;default&#8221; global_colors_info=&#8221;{}&#8221;][\/et_pb_column][et_pb_column type=&#8221;3_5&#8243; _builder_version=&#8221;4.20.2&#8243; _module_preset=&#8221;default&#8221; global_colors_info=&#8221;{}&#8221;][et_pb_image src=&#8221;https:\/\/www.lionssansepolcro.it\/wp-content\/uploads\/2024\/01\/Via-Lazzerini2.png&#8221; alt=&#8221;Via Francesco Lazzerini &#8211; Sansepolcro&#8221; title_text=&#8221;Via Francesco Lazzerini &#8211; Sansepolcro&#8221; align=&#8221;center&#8221; _builder_version=&#8221;4.24.0&#8243; _module_preset=&#8221;default&#8221; width=&#8221;100%&#8221; max_width=&#8221;100%&#8221; min_height=&#8221;69px&#8221; height=&#8221;501px&#8221; custom_margin=&#8221;|22px||||&#8221; custom_padding=&#8221;||0px|||&#8221; global_colors_info=&#8221;{}&#8221;][\/et_pb_image][et_pb_text _builder_version=&#8221;4.24.0&#8243; _module_preset=&#8221;default&#8221; text_font_size=&#8221;18px&#8221; text_line_height=&#8221;1.8em&#8221; global_colors_info=&#8221;{}&#8221;]<p align=\"justify\"><span style=\"font-family: Arial, serif;\"><span style=\"font-size: large;\">Di Via Chiasserini abbiamo gi\u00e0 parlato ma non della strada di fronte che \u00e8 dedicata a Francesco Lazzerini ma che era prima Via della Mattonaia. Qui si trovava una fornace per la fabbricazione dei laterizi. Ma, nel 1938, si prefer\u00ec sostituire la fornace con il Cav. Francesco Lazzerini che fu sindaco di Sansepolcro (1903-1906, 1907-1909) e che mor\u00ec nel 1924. Con i suoi lasciti, uniti ad altri, dette vita ed amministrato il Ricovero di Mendicit\u00e0 nel 1892 e lasci\u00f2 il suo cospicuo patrimonio alla locale Congregazione di Carit\u00e0 perch\u00e9 rigesse il Ricovero in Ente morale. <\/span><\/span><\/p>\n<p align=\"justify\"><span style=\"font-size: large;\"><\/span>STUDIO di GIULIANA MAGGINI.<\/p>[\/et_pb_text][et_pb_image src=&#8221;https:\/\/www.lionssansepolcro.it\/wp-content\/uploads\/2023\/11\/logo-universita-dell-eta-libera-sansepolcro.png&#8221; alt=&#8221;Universit\u00e0 dell&#8217;Et\u00e0 Libera &#8211; Sansepolcro&#8221; title_text=&#8221;Universit\u00e0 dell&#8217;Et\u00e0 Libera &#8211; Sansepolcro&#8221; align=&#8221;center&#8221; _builder_version=&#8221;4.20.2&#8243; _module_preset=&#8221;default&#8221; custom_padding=&#8221;3px|||||&#8221; global_colors_info=&#8221;{}&#8221;][\/et_pb_image][\/et_pb_column][et_pb_column type=&#8221;1_5&#8243; disabled_on=&#8221;on|on|off&#8221; _builder_version=&#8221;4.20.2&#8243; _module_preset=&#8221;default&#8221; global_colors_info=&#8221;{}&#8221;][\/et_pb_column][\/et_pb_row][\/et_pb_section]","protected":false},"excerpt":{"rendered":"<p>VIA FRANCESCO LAZZERINI QUARTIERE DI SAN NICCOL\u00d2\u00a0<span><span><a href=\"https:\/\/www.lionssansepolcro.it\/en\/\">Home<\/a><\/span><\/span> Di Via Chiasserini abbiamo gi\u00e0 parlato ma non della strada di fronte che \u00e8 dedicata a Francesco Lazzerini ma che era prima Via della Mattonaia. Qui si trovava una fornace per la fabbricazione dei laterizi. Ma, nel 1938, si prefer\u00ec sostituire la fornace con il Cav. Francesco Lazzerini [&hellip;]<\/p>","protected":false},"author":1,"featured_media":0,"parent":59,"menu_order":3,"comment_status":"closed","ping_status":"closed","template":"","meta":{"_et_pb_use_builder":"on","_et_pb_old_content":"","_et_gb_content_width":"","footnotes":""},"class_list":["post-265","page","type-page","status-publish","hentry"],"yoast_head":"<!-- This site is optimized with the Yoast SEO plugin v27.4 - https:\/\/yoast.com\/product\/yoast-seo-wordpress\/ -->\n<title>Via Francesco Lazzerini - Lions Sansepolcro<\/title>\n<meta name=\"robots\" content=\"noindex, follow\" \/>\n<meta property=\"og:locale\" content=\"en_GB\" \/>\n<meta property=\"og:type\" content=\"article\" \/>\n<meta property=\"og:title\" content=\"Via Francesco Lazzerini - Lions Sansepolcro\" \/>\n<meta property=\"og:description\" content=\"VIA FRANCESCO LAZZERINI QUARTIERE DI SAN NICCOL\u00d2\u00a0 Di Via Chiasserini abbiamo gi\u00e0 parlato ma non della strada di fronte che \u00e8 dedicata a Francesco Lazzerini ma che era prima Via della Mattonaia. Qui si trovava una fornace per la fabbricazione dei laterizi. Ma, nel 1938, si prefer\u00ec sostituire la fornace con il Cav. Francesco Lazzerini [&hellip;]\" \/>\n<meta property=\"og:url\" content=\"https:\/\/www.lionssansepolcro.it\/en\/sansepolcro\/via-francesco-lazzerini\/\" \/>\n<meta property=\"og:site_name\" content=\"Lions Sansepolcro\" \/>\n<meta property=\"article:modified_time\" content=\"2024-02-01T08:36:41+00:00\" \/>\n<meta name=\"twitter:card\" content=\"summary_large_image\" \/>\n<meta name=\"twitter:label1\" content=\"Estimated reading time\" \/>\n\t<meta name=\"twitter:data1\" content=\"2 minutes\" \/>\n<script type=\"application\/ld+json\" class=\"yoast-schema-graph\">{\"@context\":\"https:\\\/\\\/schema.org\",\"@graph\":[{\"@type\":\"WebPage\",\"@id\":\"https:\\\/\\\/www.lionssansepolcro.it\\\/sansepolcro\\\/via-francesco-lazzerini\\\/\",\"url\":\"https:\\\/\\\/www.lionssansepolcro.it\\\/sansepolcro\\\/via-francesco-lazzerini\\\/\",\"name\":\"Via Francesco Lazzerini - Lions Sansepolcro\",\"isPartOf\":{\"@id\":\"https:\\\/\\\/www.lionssansepolcro.it\\\/#website\"},\"datePublished\":\"2024-01-31T15:07:38+00:00\",\"dateModified\":\"2024-02-01T08:36:41+00:00\",\"breadcrumb\":{\"@id\":\"https:\\\/\\\/www.lionssansepolcro.it\\\/sansepolcro\\\/via-francesco-lazzerini\\\/#breadcrumb\"},\"inLanguage\":\"en-GB\",\"potentialAction\":[{\"@type\":\"ReadAction\",\"target\":[\"https:\\\/\\\/www.lionssansepolcro.it\\\/sansepolcro\\\/via-francesco-lazzerini\\\/\"]}]},{\"@type\":\"BreadcrumbList\",\"@id\":\"https:\\\/\\\/www.lionssansepolcro.it\\\/sansepolcro\\\/via-francesco-lazzerini\\\/#breadcrumb\",\"itemListElement\":[{\"@type\":\"ListItem\",\"position\":1,\"name\":\"Home\",\"item\":\"https:\\\/\\\/www.lionssansepolcro.it\\\/\"},{\"@type\":\"ListItem\",\"position\":2,\"name\":\"Sansepolcro\",\"item\":\"https:\\\/\\\/www.lionssansepolcro.it\\\/sansepolcro\\\/\"},{\"@type\":\"ListItem\",\"position\":3,\"name\":\"Via Francesco Lazzerini\"}]},{\"@type\":\"WebSite\",\"@id\":\"https:\\\/\\\/www.lionssansepolcro.it\\\/#website\",\"url\":\"https:\\\/\\\/www.lionssansepolcro.it\\\/\",\"name\":\"Lions Sansepolcro\",\"description\":\"\",\"potentialAction\":[{\"@type\":\"SearchAction\",\"target\":{\"@type\":\"EntryPoint\",\"urlTemplate\":\"https:\\\/\\\/www.lionssansepolcro.it\\\/?s={search_term_string}\"},\"query-input\":{\"@type\":\"PropertyValueSpecification\",\"valueRequired\":true,\"valueName\":\"search_term_string\"}}],\"inLanguage\":\"en-GB\"}]}<\/script>\n<!-- \/ Yoast SEO plugin. -->","yoast_head_json":{"title":"Via Francesco Lazzerini - Lions Sansepolcro","robots":{"index":"noindex","follow":"follow"},"og_locale":"en_GB","og_type":"article","og_title":"Via Francesco Lazzerini - Lions Sansepolcro","og_description":"VIA FRANCESCO LAZZERINI QUARTIERE DI SAN NICCOL\u00d2\u00a0 Di Via Chiasserini abbiamo gi\u00e0 parlato ma non della strada di fronte che \u00e8 dedicata a Francesco Lazzerini ma che era prima Via della Mattonaia. Qui si trovava una fornace per la fabbricazione dei laterizi. Ma, nel 1938, si prefer\u00ec sostituire la fornace con il Cav. Francesco Lazzerini [&hellip;]","og_url":"https:\/\/www.lionssansepolcro.it\/en\/sansepolcro\/via-francesco-lazzerini\/","og_site_name":"Lions Sansepolcro","article_modified_time":"2024-02-01T08:36:41+00:00","twitter_card":"summary_large_image","twitter_misc":{"Estimated reading time":"2 minutes"},"schema":{"@context":"https:\/\/schema.org","@graph":[{"@type":"WebPage","@id":"https:\/\/www.lionssansepolcro.it\/sansepolcro\/via-francesco-lazzerini\/","url":"https:\/\/www.lionssansepolcro.it\/sansepolcro\/via-francesco-lazzerini\/","name":"Via Francesco Lazzerini - Lions Sansepolcro","isPartOf":{"@id":"https:\/\/www.lionssansepolcro.it\/#website"},"datePublished":"2024-01-31T15:07:38+00:00","dateModified":"2024-02-01T08:36:41+00:00","breadcrumb":{"@id":"https:\/\/www.lionssansepolcro.it\/sansepolcro\/via-francesco-lazzerini\/#breadcrumb"},"inLanguage":"en-GB","potentialAction":[{"@type":"ReadAction","target":["https:\/\/www.lionssansepolcro.it\/sansepolcro\/via-francesco-lazzerini\/"]}]},{"@type":"BreadcrumbList","@id":"https:\/\/www.lionssansepolcro.it\/sansepolcro\/via-francesco-lazzerini\/#breadcrumb","itemListElement":[{"@type":"ListItem","position":1,"name":"Home","item":"https:\/\/www.lionssansepolcro.it\/"},{"@type":"ListItem","position":2,"name":"Sansepolcro","item":"https:\/\/www.lionssansepolcro.it\/sansepolcro\/"},{"@type":"ListItem","position":3,"name":"Via Francesco Lazzerini"}]},{"@type":"WebSite","@id":"https:\/\/www.lionssansepolcro.it\/#website","url":"https:\/\/www.lionssansepolcro.it\/","name":"Lions Sansepolcro","description":"","potentialAction":[{"@type":"SearchAction","target":{"@type":"EntryPoint","urlTemplate":"https:\/\/www.lionssansepolcro.it\/?s={search_term_string}"},"query-input":{"@type":"PropertyValueSpecification","valueRequired":true,"valueName":"search_term_string"}}],"inLanguage":"en-GB"}]}},"_links":{"self":[{"href":"https:\/\/www.lionssansepolcro.it\/en\/wp-json\/wp\/v2\/pages\/265","targetHints":{"allow":["GET"]}}],"collection":[{"href":"https:\/\/www.lionssansepolcro.it\/en\/wp-json\/wp\/v2\/pages"}],"about":[{"href":"https:\/\/www.lionssansepolcro.it\/en\/wp-json\/wp\/v2\/types\/page"}],"author":[{"embeddable":true,"href":"https:\/\/www.lionssansepolcro.it\/en\/wp-json\/wp\/v2\/users\/1"}],"replies":[{"embeddable":true,"href":"https:\/\/www.lionssansepolcro.it\/en\/wp-json\/wp\/v2\/comments?post=265"}],"version-history":[{"count":8,"href":"https:\/\/www.lionssansepolcro.it\/en\/wp-json\/wp\/v2\/pages\/265\/revisions"}],"predecessor-version":[{"id":366,"href":"https:\/\/www.lionssansepolcro.it\/en\/wp-json\/wp\/v2\/pages\/265\/revisions\/366"}],"up":[{"embeddable":true,"href":"https:\/\/www.lionssansepolcro.it\/en\/wp-json\/wp\/v2\/pages\/59"}],"wp:attachment":[{"href":"https:\/\/www.lionssansepolcro.it\/en\/wp-json\/wp\/v2\/media?parent=265"}],"curies":[{"name":"wp","href":"https:\/\/api.w.org\/{rel}","templated":true}]}}