{"id":276,"date":"2024-01-31T16:07:58","date_gmt":"2024-01-31T15:07:58","guid":{"rendered":"https:\/\/www.lionssansepolcro.it\/?page_id=276"},"modified":"2024-02-01T09:36:01","modified_gmt":"2024-02-01T08:36:01","slug":"via-dante-chiasserini","status":"publish","type":"page","link":"https:\/\/www.lionssansepolcro.it\/en\/sansepolcro\/via-dante-chiasserini\/","title":{"rendered":"Via Dante Chiasserini"},"content":{"rendered":"[et_pb_section fb_built=&#8221;1&#8243; _builder_version=&#8221;4.20.2&#8243; _module_preset=&#8221;default&#8221; global_colors_info=&#8221;{}&#8221;][et_pb_row _builder_version=&#8221;4.20.2&#8243; _module_preset=&#8221;default&#8221; custom_padding=&#8221;19px||15px|||&#8221; global_colors_info=&#8221;{}&#8221;][et_pb_column type=&#8221;4_4&#8243; _builder_version=&#8221;4.20.2&#8243; _module_preset=&#8221;default&#8221; global_colors_info=&#8221;{}&#8221;][et_pb_text _builder_version=&#8221;4.20.2&#8243; _module_preset=&#8221;default&#8221; header_text_align=&#8221;center&#8221; header_text_color=&#8221;gcid-7fb39c74-6696-4b04-920d-3624ea959f6b&#8221; header_font_size=&#8221;56px&#8221; header_2_text_align=&#8221;center&#8221; header_font_size_tablet=&#8221;48px&#8221; header_font_size_phone=&#8221;32px&#8221; header_font_size_last_edited=&#8221;on|phone&#8221; global_colors_info=&#8221;{%22gcid-7fb39c74-6696-4b04-920d-3624ea959f6b%22:%91%22header_text_color%22%93}&#8221;]<h1>VIA DANTE CHIASSERINI<\/h1>\n<h2><span style=\"color: #0a0a0a;\">Q<a name=\"_GoBack\" style=\"color: #0a0a0a;\"><\/a><span style=\"font-size: x-large;\">UARTIERE DI SANT&#8217;ANTONIO<\/span><\/span><\/h2>[\/et_pb_text][\/et_pb_column][\/et_pb_row][et_pb_row _builder_version=&#8221;4.20.2&#8243; _module_preset=&#8221;default&#8221; custom_padding=&#8221;17px|||||&#8221; global_colors_info=&#8221;{}&#8221;][et_pb_column type=&#8221;4_4&#8243; _builder_version=&#8221;4.20.2&#8243; _module_preset=&#8221;default&#8221; global_colors_info=&#8221;{}&#8221;][et_pb_text _builder_version=&#8221;4.20.2&#8243; _module_preset=&#8221;default&#8221; global_module=&#8221;118&#8243; global_colors_info=&#8221;{}&#8221;]<span><span><a href=\"https:\/\/www.lionssansepolcro.it\/en\/\">Home<\/a><\/span><\/span>\n[\/et_pb_text][\/et_pb_column][\/et_pb_row][et_pb_row column_structure=&#8221;1_5,3_5,1_5&#8243; _builder_version=&#8221;4.20.2&#8243; _module_preset=&#8221;default&#8221; custom_padding=&#8221;12px|||||&#8221; global_colors_info=&#8221;{}&#8221;][et_pb_column type=&#8221;1_5&#8243; disabled_on=&#8221;on|on|off&#8221; _builder_version=&#8221;4.20.2&#8243; _module_preset=&#8221;default&#8221; global_colors_info=&#8221;{}&#8221;][\/et_pb_column][et_pb_column type=&#8221;3_5&#8243; _builder_version=&#8221;4.20.2&#8243; _module_preset=&#8221;default&#8221; global_colors_info=&#8221;{}&#8221;][et_pb_image src=&#8221;https:\/\/www.lionssansepolcro.it\/wp-content\/uploads\/2024\/01\/Dante-Chiasserini2.png&#8221; alt=&#8221;Via Dante Chiasserini &#8211; Sansepolcro&#8221; title_text=&#8221;Via Dante Chiasserini &#8211; Sansepolcro&#8221; align=&#8221;center&#8221; _builder_version=&#8221;4.24.0&#8243; _module_preset=&#8221;default&#8221; width=&#8221;100%&#8221; max_width=&#8221;100%&#8221; min_height=&#8221;11px&#8221; height=&#8221;505px&#8221; max_height=&#8221;1000px&#8221; custom_margin=&#8221;|47px|40px||false|false&#8221; custom_padding=&#8221;|0px|4px|0px|false|false&#8221; hover_enabled=&#8221;0&#8243; global_colors_info=&#8221;{}&#8221; sticky_enabled=&#8221;0&#8243;][\/et_pb_image][et_pb_text _builder_version=&#8221;4.24.0&#8243; _module_preset=&#8221;default&#8221; text_font_size=&#8221;18px&#8221; text_line_height=&#8221;1.8em&#8221; custom_margin=&#8221;||20px|||&#8221; custom_padding=&#8221;||0px|||&#8221; global_colors_info=&#8221;{}&#8221;]<p><span style=\"font-size: large;\">La strada dedicata a Dante Chiasserini si snoda sul fianco di una torre medievale. Sulle sue vecchie pietre, una targhetta invita a riconoscere l\u2019inizio del quartiere di San Niccol\u00f2, a Porta Romana, una porta aperta verso Roma che ha perduto le mura e le arcate. Ma che conserva, dimenticate, le vecchie vasche, dove le donne del paese andavano a lavare il bucato, fatto rigorosamente con la cenere, che \u201cimbiancava\u201d i panni.<\/span><\/p>\n<p><span style=\"font-size: large;\">Torniamo alla torre medioevale risalente al XIII sec. Sopra il portone, un arco ogivale contiene un bassorilievo relativo alla monta taurina.<\/span><\/p>\n<p>&nbsp;<\/p>[\/et_pb_text][et_pb_image src=&#8221;https:\/\/www.lionssansepolcro.it\/wp-content\/uploads\/2024\/01\/Palazzo-Taurini-e-Torre-scapitozzata.png&#8221; title_text=&#8221;Palazzo Taurini e Torre scapitozzata&#8221; align=&#8221;center&#8221; _builder_version=&#8221;4.24.0&#8243; _module_preset=&#8221;default&#8221; width=&#8221;60%&#8221; max_width=&#8221;100%&#8221; min_height=&#8221;435.7px&#8221; max_height=&#8221;940px&#8221; custom_margin=&#8221;-25px|||||&#8221; custom_padding=&#8221;0px||0px|0px||&#8221; global_colors_info=&#8221;{}&#8221;][\/et_pb_image][et_pb_text _builder_version=&#8221;4.24.0&#8243; _module_preset=&#8221;default&#8221; custom_margin=&#8221;36px|-1px|45px|||&#8221; global_colors_info=&#8221;{}&#8221;]<p style=\"text-align: center;\">Fig. 1 &#8211; Palazzo Taurini e Torre &#8220;scapitozzata&#8221; inglobata sul lato destro.<\/p>[\/et_pb_text][et_pb_text _builder_version=&#8221;4.24.0&#8243; _module_preset=&#8221;default&#8221; text_font_size=&#8221;18px&#8221; text_line_height=&#8221;1.8em&#8221; custom_margin=&#8221;-17px|||||&#8221; global_colors_info=&#8221;{}&#8221;]<p align=\"justify\"><span style=\"font-size: large;\">E\u2019 la torre del Palazzo Taurini, famiglia della poetessa Francesca Turini, del XVII secolo. <\/span><span style=\"font-size: large;\">Sembrerebbe pi\u00f9 legittima una intestazione della strada alla poetessa o, se vogliamo, al Seminario vecchio, come era diversi anni fa. E\u2019 sicuro che il Seminario, dove si educavano i giovani alla vita sacerdotale, fosse in questa strada, un palazzo all\u2019incrocio con Via Sant\u2019Antonio. Arriva infine la dedica a Dante Chiasserini che and\u00f2 a morire a 26 anni sul san Michele nel 1916, vittima dei gas asfissianti il primo giorno in cui furono usati dagli austriaci. In una lettera alla fidanzata Anna, Dante, contrario alla guerra, parla della sua partecipazione in nome della libert\u00e0 e dell\u2019indipendenza dei popoli. <\/span><span style=\"font-size: large;\">La strada \u00e8 stata a lui dedicata perch\u00e9, non lontano, pare che abitasse una sua parente.<\/span><\/p>[\/et_pb_text][et_pb_text _builder_version=&#8221;4.24.0&#8243; _module_preset=&#8221;default&#8221; custom_margin=&#8221;||47px|||&#8221; global_colors_info=&#8221;{}&#8221;]<p style=\"text-align: center; font-weight: 500px; font-size: 22px; color: #00539b;\">DANTE CHIASSERINI<\/p>[\/et_pb_text][et_pb_text _builder_version=&#8221;4.24.0&#8243; _module_preset=&#8221;default&#8221; text_font_size=&#8221;18px&#8221; text_line_height=&#8221;1.8em&#8221; custom_margin=&#8221;-17px|||||&#8221; custom_padding=&#8221;||0px|||&#8221; locked=&#8221;off&#8221; global_colors_info=&#8221;{}&#8221;]<p align=\"justify\">\u201c<span style=\"font-size: large;\">Dante Chiasserini nacque a Sansepolcro, dove visse fino al 1908. A 17 anni lasci\u00f2 la sua citt\u00e0 dove aveva appena appreso i primi elementi di meccanica, attratto dal nome di Milano, allora nella sua grandiosa formazione industriale e commerciale. Fu attratto, per\u00f2 anche dalle idee politiche che, allora, in Milano si dibattevano e si allargavano in tutta Italia. Chiasserini era gi\u00e0 un milite entusiasta della lotta politica e, come molti giovani di quei tempi, si sentiva attratto dalle idee pi\u00f9 nuove. Egli trov\u00f2 lavoro in un grande stabilimento industriale e subito fu preso, anima e corpo dalla passione politica, tanto che, a 20 anni era gi\u00e0 un esponente del Partito Socialista milanese. Dante Chiasserini conobbe a Milano il precursore del sindacalismo Filippo Corridoni; si sent\u00ec pi\u00f9 vicino alle sue idee politiche e giudicando il socialismo troppo basato sul materialismo, divenne ben presto un suo seguace ed amico. Abbracci\u00f2 quindi le idee sindacaliste e a 22 anni Chiasserini fu uno dei pi\u00f9 noti e apprezzati dirigenti dell\u2019 Unione milanese. Nel 1914 scoppi\u00f2 la Prima Guerra Mondiale; l\u2019 Italia rimase momentaneamente neutrale, ma a Milano Benito Mussolini nel primo numero de \u201cIl Popolo d\u2019 Italia\u201d, fece un appello all\u2019interventismo. Filippo Corridoni e molti sovversivi erano con lui. Dante Chiasserini \u00e8 indeciso: non sa in un primo momento spogliarsi di tutti quei principi pacifisti che egli aveva creduto immortali, ma non \u00e8 sordo al grido di libert\u00e0 che promana dai popoli sottomessi: \u00e8 ancora contro la guerra, ma stima gli amici che la invocano. Il 23 gennaio del 1915 assist\u00e8 a un congresso interventista ove tra gli altri oratori parla Benito Mussolini, e Chiasserini si convince che \u201cper il bene del proletariato era necessaria la guerra\u201d e quindi decide di arruolarsi nella Legione garibaldina delle Argonne, per combattere al fianco dei Francesi. Quando la Legione si sciolse, torn\u00f2 in Italia e all\u2019entrata in guerra dell\u2019 Italia si arruol\u00f2 come volontario. Il 26 giugno 1916 nella battaglia delle Trincea delle Frasche, mor\u00ec ucciso dai gas asfissianti.<\/span><\/p>\n<p align=\"justify\"><span style=\"font-size: large;\">Nel 1938, dietro la richiesta della Sezione delle famiglie dei Caduti in guerra, il Podest\u00e0 di Sansepolcro deliber\u00f2 di intitolare a Dante Chiasserini la strada del centro storico che aveva nome Via del Seminario Vecchio. Il nome di Dante Chiasserini compre anche nella lapide dedicata all\u2019Epopea garibaldina, in quanto aveva combattuto in Francia come volontario con la Legione Garibaldina delle Argonne.\u201d <\/span><span><sup style=\"font-size: 60%;\">1<\/sup><\/span><\/p>\n<blockquote><\/blockquote>\n<div id=\"sdfootnote1\" style=\"text-align: left;\">\n<p class=\"sdfootnote\"><a class=\"sdfootnotesym\" name=\"sdfootnote1sym\" href=\"#sdfootnote1anc\"><\/a><\/p>\n<\/div>\n<hr \/>\n<p><sup style=\"font-size: 60%;\">1 <\/sup><span style=\"font-size: 12px;\">ROSALBA BRIZZI, <em>Notturno al Museo<\/em>, 1997.<\/span><\/p>[\/et_pb_text][et_pb_text _builder_version=&#8221;4.24.0&#8243; _module_preset=&#8221;default&#8221; text_font_size=&#8221;18px&#8221; text_line_height=&#8221;1.8em&#8221; width=&#8221;100%&#8221; custom_margin=&#8221;-6px|641px||||&#8221; custom_padding=&#8221;|||0px||&#8221; locked=&#8221;off&#8221; global_colors_info=&#8221;{}&#8221;]<p align=\"justify\">STUDIO di GIULIANA MAGGINI.<\/p>[\/et_pb_text][et_pb_image src=&#8221;https:\/\/www.lionssansepolcro.it\/wp-content\/uploads\/2023\/11\/logo-universita-dell-eta-libera-sansepolcro.png&#8221; alt=&#8221;Universit\u00e0 dell&#8217;Et\u00e0 Libera &#8211; Sansepolcro&#8221; title_text=&#8221;Universit\u00e0 dell&#8217;Et\u00e0 Libera &#8211; Sansepolcro&#8221; align=&#8221;center&#8221; _builder_version=&#8221;4.20.2&#8243; _module_preset=&#8221;default&#8221; custom_margin=&#8221;35px||35px||true|&#8221; custom_padding=&#8221;3px|||||&#8221; global_colors_info=&#8221;{}&#8221;][\/et_pb_image][\/et_pb_column][et_pb_column type=&#8221;1_5&#8243; disabled_on=&#8221;on|on|off&#8221; _builder_version=&#8221;4.20.2&#8243; _module_preset=&#8221;default&#8221; global_colors_info=&#8221;{}&#8221;][\/et_pb_column][\/et_pb_row][\/et_pb_section]","protected":false},"excerpt":{"rendered":"<p>VIA DANTE CHIASSERINI QUARTIERE DI SANT&#8217;ANTONIO<span><span><a href=\"https:\/\/www.lionssansepolcro.it\/en\/\">Home<\/a><\/span><\/span> La strada dedicata a Dante Chiasserini si snoda sul fianco di una torre medievale. Sulle sue vecchie pietre, una targhetta invita a riconoscere l\u2019inizio del quartiere di San Niccol\u00f2, a Porta Romana, una porta aperta verso Roma che ha perduto le mura e le arcate. Ma che conserva, dimenticate, [&hellip;]<\/p>","protected":false},"author":1,"featured_media":0,"parent":59,"menu_order":2,"comment_status":"closed","ping_status":"closed","template":"","meta":{"_et_pb_use_builder":"on","_et_pb_old_content":"","_et_gb_content_width":"","footnotes":""},"class_list":["post-276","page","type-page","status-publish","hentry"],"yoast_head":"<!-- This site is optimized with the Yoast SEO plugin v27.4 - https:\/\/yoast.com\/product\/yoast-seo-wordpress\/ -->\n<title>Via Dante Chiasserini - Lions Sansepolcro<\/title>\n<meta name=\"robots\" content=\"noindex, follow\" \/>\n<meta property=\"og:locale\" content=\"en_GB\" \/>\n<meta property=\"og:type\" content=\"article\" \/>\n<meta property=\"og:title\" content=\"Via Dante Chiasserini - Lions Sansepolcro\" \/>\n<meta property=\"og:description\" content=\"VIA DANTE CHIASSERINI QUARTIERE DI SANT&#039;ANTONIO La strada dedicata a Dante Chiasserini si snoda sul fianco di una torre medievale. Sulle sue vecchie pietre, una targhetta invita a riconoscere l\u2019inizio del quartiere di San Niccol\u00f2, a Porta Romana, una porta aperta verso Roma che ha perduto le mura e le arcate. Ma che conserva, dimenticate, [&hellip;]\" \/>\n<meta property=\"og:url\" content=\"https:\/\/www.lionssansepolcro.it\/en\/sansepolcro\/via-dante-chiasserini\/\" \/>\n<meta property=\"og:site_name\" content=\"Lions Sansepolcro\" \/>\n<meta property=\"article:modified_time\" content=\"2024-02-01T08:36:01+00:00\" \/>\n<meta name=\"twitter:card\" content=\"summary_large_image\" \/>\n<meta name=\"twitter:label1\" content=\"Estimated reading time\" \/>\n\t<meta name=\"twitter:data1\" content=\"6 minutes\" \/>\n<script type=\"application\/ld+json\" class=\"yoast-schema-graph\">{\"@context\":\"https:\\\/\\\/schema.org\",\"@graph\":[{\"@type\":\"WebPage\",\"@id\":\"https:\\\/\\\/www.lionssansepolcro.it\\\/sansepolcro\\\/via-dante-chiasserini\\\/\",\"url\":\"https:\\\/\\\/www.lionssansepolcro.it\\\/sansepolcro\\\/via-dante-chiasserini\\\/\",\"name\":\"Via Dante Chiasserini - Lions Sansepolcro\",\"isPartOf\":{\"@id\":\"https:\\\/\\\/www.lionssansepolcro.it\\\/#website\"},\"datePublished\":\"2024-01-31T15:07:58+00:00\",\"dateModified\":\"2024-02-01T08:36:01+00:00\",\"breadcrumb\":{\"@id\":\"https:\\\/\\\/www.lionssansepolcro.it\\\/sansepolcro\\\/via-dante-chiasserini\\\/#breadcrumb\"},\"inLanguage\":\"en-GB\",\"potentialAction\":[{\"@type\":\"ReadAction\",\"target\":[\"https:\\\/\\\/www.lionssansepolcro.it\\\/sansepolcro\\\/via-dante-chiasserini\\\/\"]}]},{\"@type\":\"BreadcrumbList\",\"@id\":\"https:\\\/\\\/www.lionssansepolcro.it\\\/sansepolcro\\\/via-dante-chiasserini\\\/#breadcrumb\",\"itemListElement\":[{\"@type\":\"ListItem\",\"position\":1,\"name\":\"Home\",\"item\":\"https:\\\/\\\/www.lionssansepolcro.it\\\/\"},{\"@type\":\"ListItem\",\"position\":2,\"name\":\"Sansepolcro\",\"item\":\"https:\\\/\\\/www.lionssansepolcro.it\\\/sansepolcro\\\/\"},{\"@type\":\"ListItem\",\"position\":3,\"name\":\"Via Dante Chiasserini\"}]},{\"@type\":\"WebSite\",\"@id\":\"https:\\\/\\\/www.lionssansepolcro.it\\\/#website\",\"url\":\"https:\\\/\\\/www.lionssansepolcro.it\\\/\",\"name\":\"Lions Sansepolcro\",\"description\":\"\",\"potentialAction\":[{\"@type\":\"SearchAction\",\"target\":{\"@type\":\"EntryPoint\",\"urlTemplate\":\"https:\\\/\\\/www.lionssansepolcro.it\\\/?s={search_term_string}\"},\"query-input\":{\"@type\":\"PropertyValueSpecification\",\"valueRequired\":true,\"valueName\":\"search_term_string\"}}],\"inLanguage\":\"en-GB\"}]}<\/script>\n<!-- \/ Yoast SEO plugin. -->","yoast_head_json":{"title":"Via Dante Chiasserini - Lions Sansepolcro","robots":{"index":"noindex","follow":"follow"},"og_locale":"en_GB","og_type":"article","og_title":"Via Dante Chiasserini - Lions Sansepolcro","og_description":"VIA DANTE CHIASSERINI QUARTIERE DI SANT'ANTONIO La strada dedicata a Dante Chiasserini si snoda sul fianco di una torre medievale. Sulle sue vecchie pietre, una targhetta invita a riconoscere l\u2019inizio del quartiere di San Niccol\u00f2, a Porta Romana, una porta aperta verso Roma che ha perduto le mura e le arcate. Ma che conserva, dimenticate, [&hellip;]","og_url":"https:\/\/www.lionssansepolcro.it\/en\/sansepolcro\/via-dante-chiasserini\/","og_site_name":"Lions Sansepolcro","article_modified_time":"2024-02-01T08:36:01+00:00","twitter_card":"summary_large_image","twitter_misc":{"Estimated reading time":"6 minutes"},"schema":{"@context":"https:\/\/schema.org","@graph":[{"@type":"WebPage","@id":"https:\/\/www.lionssansepolcro.it\/sansepolcro\/via-dante-chiasserini\/","url":"https:\/\/www.lionssansepolcro.it\/sansepolcro\/via-dante-chiasserini\/","name":"Via Dante Chiasserini - Lions Sansepolcro","isPartOf":{"@id":"https:\/\/www.lionssansepolcro.it\/#website"},"datePublished":"2024-01-31T15:07:58+00:00","dateModified":"2024-02-01T08:36:01+00:00","breadcrumb":{"@id":"https:\/\/www.lionssansepolcro.it\/sansepolcro\/via-dante-chiasserini\/#breadcrumb"},"inLanguage":"en-GB","potentialAction":[{"@type":"ReadAction","target":["https:\/\/www.lionssansepolcro.it\/sansepolcro\/via-dante-chiasserini\/"]}]},{"@type":"BreadcrumbList","@id":"https:\/\/www.lionssansepolcro.it\/sansepolcro\/via-dante-chiasserini\/#breadcrumb","itemListElement":[{"@type":"ListItem","position":1,"name":"Home","item":"https:\/\/www.lionssansepolcro.it\/"},{"@type":"ListItem","position":2,"name":"Sansepolcro","item":"https:\/\/www.lionssansepolcro.it\/sansepolcro\/"},{"@type":"ListItem","position":3,"name":"Via Dante Chiasserini"}]},{"@type":"WebSite","@id":"https:\/\/www.lionssansepolcro.it\/#website","url":"https:\/\/www.lionssansepolcro.it\/","name":"Lions Sansepolcro","description":"","potentialAction":[{"@type":"SearchAction","target":{"@type":"EntryPoint","urlTemplate":"https:\/\/www.lionssansepolcro.it\/?s={search_term_string}"},"query-input":{"@type":"PropertyValueSpecification","valueRequired":true,"valueName":"search_term_string"}}],"inLanguage":"en-GB"}]}},"_links":{"self":[{"href":"https:\/\/www.lionssansepolcro.it\/en\/wp-json\/wp\/v2\/pages\/276","targetHints":{"allow":["GET"]}}],"collection":[{"href":"https:\/\/www.lionssansepolcro.it\/en\/wp-json\/wp\/v2\/pages"}],"about":[{"href":"https:\/\/www.lionssansepolcro.it\/en\/wp-json\/wp\/v2\/types\/page"}],"author":[{"embeddable":true,"href":"https:\/\/www.lionssansepolcro.it\/en\/wp-json\/wp\/v2\/users\/1"}],"replies":[{"embeddable":true,"href":"https:\/\/www.lionssansepolcro.it\/en\/wp-json\/wp\/v2\/comments?post=276"}],"version-history":[{"count":6,"href":"https:\/\/www.lionssansepolcro.it\/en\/wp-json\/wp\/v2\/pages\/276\/revisions"}],"predecessor-version":[{"id":365,"href":"https:\/\/www.lionssansepolcro.it\/en\/wp-json\/wp\/v2\/pages\/276\/revisions\/365"}],"up":[{"embeddable":true,"href":"https:\/\/www.lionssansepolcro.it\/en\/wp-json\/wp\/v2\/pages\/59"}],"wp:attachment":[{"href":"https:\/\/www.lionssansepolcro.it\/en\/wp-json\/wp\/v2\/media?parent=276"}],"curies":[{"name":"wp","href":"https:\/\/api.w.org\/{rel}","templated":true}]}}