{"id":384,"date":"2024-03-28T12:17:39","date_gmt":"2024-03-28T11:17:39","guid":{"rendered":"https:\/\/www.lionssansepolcro.it\/?page_id=384"},"modified":"2024-03-28T12:17:39","modified_gmt":"2024-03-28T11:17:39","slug":"service-qr-code","status":"publish","type":"page","link":"https:\/\/www.lionssansepolcro.it\/en\/service-qr-code\/","title":{"rendered":"Service QR Code"},"content":{"rendered":"<p>[et_pb_section fb_built=&#8221;1&#8243; _builder_version=&#8221;4.20.2&#8243; _module_preset=&#8221;default&#8221; custom_padding=&#8221;60px|||||&#8221; global_colors_info=&#8221;{}&#8221;][et_pb_row _builder_version=&#8221;4.20.2&#8243; _module_preset=&#8221;default&#8221; global_colors_info=&#8221;{}&#8221;][et_pb_column type=&#8221;4_4&#8243; _builder_version=&#8221;4.20.2&#8243; _module_preset=&#8221;default&#8221; global_colors_info=&#8221;{}&#8221;][et_pb_text _builder_version=&#8221;4.20.2&#8243; _module_preset=&#8221;default&#8221; header_text_align=&#8221;center&#8221; header_text_color=&#8221;gcid-7fb39c74-6696-4b04-920d-3624ea959f6b&#8221; header_font_size=&#8221;56px&#8221; header_text_align_tablet=&#8221;center&#8221; header_text_align_phone=&#8221;center&#8221; header_text_align_last_edited=&#8221;on|phone&#8221; header_font_size_tablet=&#8221;48px&#8221; header_font_size_phone=&#8221;40px&#8221; header_font_size_last_edited=&#8221;on|phone&#8221; global_colors_info=&#8221;{%22gcid-7fb39c74-6696-4b04-920d-3624ea959f6b%22:%91%22header_text_color%22%93}&#8221;]<\/p>\n<h1>SERVICE QR-CODE<\/h1>\n<p>&nbsp;<\/p>\n<p>[\/et_pb_text][\/et_pb_column][\/et_pb_row][et_pb_row _builder_version=&#8221;4.24.0&#8243; _module_preset=&#8221;default&#8221; global_colors_info=&#8221;{}&#8221;][et_pb_column type=&#8221;4_4&#8243; _builder_version=&#8221;4.20.2&#8243; _module_preset=&#8221;default&#8221; global_colors_info=&#8221;{}&#8221;][et_pb_text _builder_version=&#8221;4.24.0&#8243; _module_preset=&#8221;default&#8221; hover_enabled=&#8221;0&#8243; global_colors_info=&#8221;{}&#8221; sticky_enabled=&#8221;0&#8243;]<\/p>\n<p>Benvenuti nel nostro servizio dedicato alle strade storiche delle citt\u00e0 della Valtiberina! Grazie ai nostri codici QR, offriamo ai turisti un modo semplice e immediato per accedere a informazioni dettagliate sulle strade di importanza storica delle nostre citt\u00e0.<\/p>\n<p>All&#8217;inizio e alla fine di ogni strada selezionata, troverete un QR Code unico. Baster\u00e0 inquadrarlo con la fotocamera del vostro smartphone o tablet, utilizzando un&#8217;applicazione QR Code, per scoprire i segreti e le storie che queste strade custodiscono.<\/p>\n<p>Attraverso i codici QR, avrete accesso a una ricca fonte di informazioni sulla storia, l&#8217;architettura dei palazzi e gli eventi storici che hanno caratterizzato queste strade nel corso dei secoli.<\/p>\n<p>I nostri contenuti sono accuratamente curati da esperti locali, per garantire informazioni affidabili e interessanti. Potrete conoscere aneddoti storici, leggende e curiosit\u00e0 che vi trasporteranno indietro nel tempo, immergendovi nella ricca cultura di queste citt\u00e0.<\/p>\n<p>Siamo convinti che il nostro servizio vi offrir\u00e0 un&#8217;esperienza turistica unica e arricchente. Scoprire le bellezze delle strade storiche della Valtiberina attraverso un semplice scansione del QR Code pu\u00f2 regalare al turista un viaggio nel passato delle nostre citt\u00e0 cos\u00ec da vivere appieno la sua vacanza.<\/p>\n<p>Non perdete l&#8217;opportunit\u00e0 di vivere un&#8217;esperienza indimenticabile e di scoprire tutto ci\u00f2 che queste strade storiche hanno da offrire. I nostri codici QR sono pronti ad aprire le porte di un mondo affascinante e ricco di storia. Buona esplorazione!<\/p>\n<p>[\/et_pb_text][\/et_pb_column][\/et_pb_row][et_pb_row _builder_version=&#8221;4.24.0&#8243; _module_preset=&#8221;default&#8221; column_structure=&#8221;1_4,1_4,1_4,1_4&#8243; hover_enabled=&#8221;0&#8243; sticky_enabled=&#8221;0&#8243;][et_pb_column _builder_version=&#8221;4.24.0&#8243; _module_preset=&#8221;default&#8221; type=&#8221;1_4&#8243; custom_css_free_form=&#8221;selector {||  border-radius: 12px;||  border: 2px solid transparent;||}||||selector:hover {||  border-color: #00539b;||}&#8221; custom_padding=&#8221;8px|8px|8px|8px|true|true&#8221; hover_enabled=&#8221;0&#8243; sticky_enabled=&#8221;0&#8243; box_shadow_style=&#8221;preset2&#8243; background_color=&#8221;#FFFFFF&#8221; global_colors_info=&#8221;{}&#8221; link_option_url=&#8221;@ET-DC@eyJkeW5hbWljIjp0cnVlLCJjb250ZW50IjoicG9zdF9saW5rX3VybF9wYWdlIiwic2V0dGluZ3MiOnsicG9zdF9pZCI6IjU5In19@&#8221; _dynamic_attributes=&#8221;link_option_url&#8221;][et_pb_image src=&#8221;https:\/\/www.lionssansepolcro.it\/wp-content\/uploads\/2024\/03\/Sansepolcro_veduta_aerea-scaled.jpg&#8221; _builder_version=&#8221;4.24.0&#8243; _module_preset=&#8221;default&#8221; alt=&#8221;Sansepolcro&#8221; title_text=&#8221;Sansepolcro&#8221; hover_enabled=&#8221;0&#8243; sticky_enabled=&#8221;0&#8243; force_fullwidth=&#8221;on&#8221; animation_style=&#8221;fade&#8221; border_radii=&#8221;on|10px|10px|10px|10px&#8221;][\/et_pb_image][et_pb_text _builder_version=&#8221;4.24.0&#8243; _module_preset=&#8221;default&#8221; header_2_font=&#8221;||||||||&#8221; header_2_text_align=&#8221;center&#8221; hover_enabled=&#8221;0&#8243; sticky_enabled=&#8221;0&#8243; custom_margin=&#8221;||8px||false|false&#8221;]<\/p>\n<h2>Sansepolcro<\/h2>\n<p>[\/et_pb_text][\/et_pb_column][et_pb_column _builder_version=&#8221;4.24.0&#8243; _module_preset=&#8221;default&#8221; type=&#8221;1_4&#8243;][\/et_pb_column][et_pb_column _builder_version=&#8221;4.24.0&#8243; _module_preset=&#8221;default&#8221; type=&#8221;1_4&#8243;][\/et_pb_column][et_pb_column _builder_version=&#8221;4.24.0&#8243; _module_preset=&#8221;default&#8221; type=&#8221;1_4&#8243;][\/et_pb_column][\/et_pb_row][\/et_pb_section]<\/p>","protected":false},"excerpt":{"rendered":"<p>SERVICE QR-CODE &nbsp;Benvenuti nel nostro servizio dedicato alle strade storiche delle citt\u00e0 della Valtiberina! Grazie ai nostri codici QR, offriamo ai turisti un modo semplice e immediato per accedere a informazioni dettagliate sulle strade di importanza storica delle nostre citt\u00e0. All&#8217;inizio e alla fine di ogni strada selezionata, troverete un QR Code unico. Baster\u00e0 inquadrarlo [&hellip;]<\/p>","protected":false},"author":1,"featured_media":0,"parent":0,"menu_order":0,"comment_status":"closed","ping_status":"closed","template":"","meta":{"_et_pb_use_builder":"on","_et_pb_old_content":"","_et_gb_content_width":"","footnotes":""},"class_list":["post-384","page","type-page","status-publish","hentry"],"yoast_head":"<!-- This site is optimized with the Yoast SEO plugin v27.4 - https:\/\/yoast.com\/product\/yoast-seo-wordpress\/ -->\n<title>Service QR Code - Lions Sansepolcro<\/title>\n<meta name=\"robots\" content=\"noindex, follow\" \/>\n<meta property=\"og:locale\" content=\"en_GB\" \/>\n<meta property=\"og:type\" content=\"article\" \/>\n<meta property=\"og:title\" content=\"Service QR Code - Lions Sansepolcro\" \/>\n<meta property=\"og:description\" content=\"SERVICE QR-CODE &nbsp;Benvenuti nel nostro servizio dedicato alle strade storiche delle citt\u00e0 della Valtiberina! Grazie ai nostri codici QR, offriamo ai turisti un modo semplice e immediato per accedere a informazioni dettagliate sulle strade di importanza storica delle nostre citt\u00e0. All&#039;inizio e alla fine di ogni strada selezionata, troverete un QR Code unico. Baster\u00e0 inquadrarlo [&hellip;]\" \/>\n<meta property=\"og:url\" content=\"https:\/\/www.lionssansepolcro.it\/en\/service-qr-code\/\" \/>\n<meta property=\"og:site_name\" content=\"Lions Sansepolcro\" \/>\n<meta name=\"twitter:card\" content=\"summary_large_image\" \/>\n<meta name=\"twitter:label1\" content=\"Estimated reading time\" \/>\n\t<meta name=\"twitter:data1\" content=\"3 minutes\" \/>\n<script type=\"application\/ld+json\" class=\"yoast-schema-graph\">{\"@context\":\"https:\\\/\\\/schema.org\",\"@graph\":[{\"@type\":\"WebPage\",\"@id\":\"https:\\\/\\\/www.lionssansepolcro.it\\\/service-qr-code\\\/\",\"url\":\"https:\\\/\\\/www.lionssansepolcro.it\\\/service-qr-code\\\/\",\"name\":\"Service QR Code - Lions Sansepolcro\",\"isPartOf\":{\"@id\":\"https:\\\/\\\/www.lionssansepolcro.it\\\/#website\"},\"datePublished\":\"2024-03-28T11:17:39+00:00\",\"breadcrumb\":{\"@id\":\"https:\\\/\\\/www.lionssansepolcro.it\\\/service-qr-code\\\/#breadcrumb\"},\"inLanguage\":\"en-GB\",\"potentialAction\":[{\"@type\":\"ReadAction\",\"target\":[\"https:\\\/\\\/www.lionssansepolcro.it\\\/service-qr-code\\\/\"]}]},{\"@type\":\"BreadcrumbList\",\"@id\":\"https:\\\/\\\/www.lionssansepolcro.it\\\/service-qr-code\\\/#breadcrumb\",\"itemListElement\":[{\"@type\":\"ListItem\",\"position\":1,\"name\":\"Home\",\"item\":\"https:\\\/\\\/www.lionssansepolcro.it\\\/\"},{\"@type\":\"ListItem\",\"position\":2,\"name\":\"Service QR Code\"}]},{\"@type\":\"WebSite\",\"@id\":\"https:\\\/\\\/www.lionssansepolcro.it\\\/#website\",\"url\":\"https:\\\/\\\/www.lionssansepolcro.it\\\/\",\"name\":\"Lions Sansepolcro\",\"description\":\"\",\"potentialAction\":[{\"@type\":\"SearchAction\",\"target\":{\"@type\":\"EntryPoint\",\"urlTemplate\":\"https:\\\/\\\/www.lionssansepolcro.it\\\/?s={search_term_string}\"},\"query-input\":{\"@type\":\"PropertyValueSpecification\",\"valueRequired\":true,\"valueName\":\"search_term_string\"}}],\"inLanguage\":\"en-GB\"}]}<\/script>\n<!-- \/ Yoast SEO plugin. -->","yoast_head_json":{"title":"Service QR Code - Lions Sansepolcro","robots":{"index":"noindex","follow":"follow"},"og_locale":"en_GB","og_type":"article","og_title":"Service QR Code - Lions Sansepolcro","og_description":"SERVICE QR-CODE &nbsp;Benvenuti nel nostro servizio dedicato alle strade storiche delle citt\u00e0 della Valtiberina! Grazie ai nostri codici QR, offriamo ai turisti un modo semplice e immediato per accedere a informazioni dettagliate sulle strade di importanza storica delle nostre citt\u00e0. All'inizio e alla fine di ogni strada selezionata, troverete un QR Code unico. Baster\u00e0 inquadrarlo [&hellip;]","og_url":"https:\/\/www.lionssansepolcro.it\/en\/service-qr-code\/","og_site_name":"Lions Sansepolcro","twitter_card":"summary_large_image","twitter_misc":{"Estimated reading time":"3 minutes"},"schema":{"@context":"https:\/\/schema.org","@graph":[{"@type":"WebPage","@id":"https:\/\/www.lionssansepolcro.it\/service-qr-code\/","url":"https:\/\/www.lionssansepolcro.it\/service-qr-code\/","name":"Service QR Code - Lions Sansepolcro","isPartOf":{"@id":"https:\/\/www.lionssansepolcro.it\/#website"},"datePublished":"2024-03-28T11:17:39+00:00","breadcrumb":{"@id":"https:\/\/www.lionssansepolcro.it\/service-qr-code\/#breadcrumb"},"inLanguage":"en-GB","potentialAction":[{"@type":"ReadAction","target":["https:\/\/www.lionssansepolcro.it\/service-qr-code\/"]}]},{"@type":"BreadcrumbList","@id":"https:\/\/www.lionssansepolcro.it\/service-qr-code\/#breadcrumb","itemListElement":[{"@type":"ListItem","position":1,"name":"Home","item":"https:\/\/www.lionssansepolcro.it\/"},{"@type":"ListItem","position":2,"name":"Service QR Code"}]},{"@type":"WebSite","@id":"https:\/\/www.lionssansepolcro.it\/#website","url":"https:\/\/www.lionssansepolcro.it\/","name":"Lions Sansepolcro","description":"","potentialAction":[{"@type":"SearchAction","target":{"@type":"EntryPoint","urlTemplate":"https:\/\/www.lionssansepolcro.it\/?s={search_term_string}"},"query-input":{"@type":"PropertyValueSpecification","valueRequired":true,"valueName":"search_term_string"}}],"inLanguage":"en-GB"}]}},"_links":{"self":[{"href":"https:\/\/www.lionssansepolcro.it\/en\/wp-json\/wp\/v2\/pages\/384","targetHints":{"allow":["GET"]}}],"collection":[{"href":"https:\/\/www.lionssansepolcro.it\/en\/wp-json\/wp\/v2\/pages"}],"about":[{"href":"https:\/\/www.lionssansepolcro.it\/en\/wp-json\/wp\/v2\/types\/page"}],"author":[{"embeddable":true,"href":"https:\/\/www.lionssansepolcro.it\/en\/wp-json\/wp\/v2\/users\/1"}],"replies":[{"embeddable":true,"href":"https:\/\/www.lionssansepolcro.it\/en\/wp-json\/wp\/v2\/comments?post=384"}],"version-history":[{"count":4,"href":"https:\/\/www.lionssansepolcro.it\/en\/wp-json\/wp\/v2\/pages\/384\/revisions"}],"predecessor-version":[{"id":391,"href":"https:\/\/www.lionssansepolcro.it\/en\/wp-json\/wp\/v2\/pages\/384\/revisions\/391"}],"wp:attachment":[{"href":"https:\/\/www.lionssansepolcro.it\/en\/wp-json\/wp\/v2\/media?parent=384"}],"curies":[{"name":"wp","href":"https:\/\/api.w.org\/{rel}","templated":true}]}}