{"id":564,"date":"2024-04-24T11:11:42","date_gmt":"2024-04-24T09:11:42","guid":{"rendered":"https:\/\/www.lionssansepolcro.it\/?page_id=564"},"modified":"2024-04-24T11:11:42","modified_gmt":"2024-04-24T09:11:42","slug":"via-della-castellina-2","status":"publish","type":"page","link":"https:\/\/www.lionssansepolcro.it\/en\/via-della-castellina-2\/","title":{"rendered":"Via della Castellina"},"content":{"rendered":"<p>[et_pb_section fb_built=&#8221;1&#8243; _builder_version=&#8221;4.20.2&#8243; _module_preset=&#8221;default&#8221; global_colors_info=&#8221;{}&#8221; theme_builder_area=&#8221;post_content&#8221;][et_pb_row _builder_version=&#8221;4.20.2&#8243; _module_preset=&#8221;default&#8221; custom_padding=&#8221;19px||15px|||&#8221; global_colors_info=&#8221;{}&#8221; theme_builder_area=&#8221;post_content&#8221;][et_pb_column type=&#8221;4_4&#8243; _builder_version=&#8221;4.20.2&#8243; _module_preset=&#8221;default&#8221; global_colors_info=&#8221;{}&#8221; theme_builder_area=&#8221;post_content&#8221;][et_pb_text _builder_version=&#8221;4.24.0&#8243; _module_preset=&#8221;default&#8221; header_text_align=&#8221;center&#8221; header_text_color=&#8221;gcid-7fb39c74-6696-4b04-920d-3624ea959f6b&#8221; header_font_size=&#8221;56px&#8221; header_2_text_align=&#8221;center&#8221; hover_enabled=&#8221;0&#8243; header_font_size_tablet=&#8221;48px&#8221; header_font_size_phone=&#8221;32px&#8221; header_font_size_last_edited=&#8221;on|phone&#8221; global_colors_info=&#8221;{%22gcid-7fb39c74-6696-4b04-920d-3624ea959f6b%22:%91%22header_text_color%22%93}&#8221; theme_builder_area=&#8221;post_content&#8221; sticky_enabled=&#8221;0&#8243;]<\/p>\n<h1>VIA DELLA CASTELLINA<\/h1>\n<h2><span style=\"color: #0a0a0a;\">SULLE ORIGINI DI SANSEPOLCRO<\/span><\/h2>\n<p>[\/et_pb_text][\/et_pb_column][\/et_pb_row][et_pb_row _builder_version=&#8221;4.20.2&#8243; _module_preset=&#8221;default&#8221; custom_padding=&#8221;17px|||||&#8221; global_colors_info=&#8221;{}&#8221; theme_builder_area=&#8221;post_content&#8221;][et_pb_column type=&#8221;4_4&#8243; _builder_version=&#8221;4.20.2&#8243; _module_preset=&#8221;default&#8221; global_colors_info=&#8221;{}&#8221; theme_builder_area=&#8221;post_content&#8221;][et_pb_text _builder_version=&#8221;4.20.2&#8243; _module_preset=&#8221;default&#8221; global_module=&#8221;118&#8243; global_colors_info=&#8221;{}&#8221; theme_builder_area=&#8221;post_content&#8221;]<\/p>\n<span><span><a href=\"https:\/\/www.lionssansepolcro.it\/en\/\">Home<\/a><\/span><\/span>\n<p>[\/et_pb_text][\/et_pb_column][\/et_pb_row][et_pb_row column_structure=&#8221;1_5,3_5,1_5&#8243; _builder_version=&#8221;4.20.2&#8243; _module_preset=&#8221;default&#8221; custom_padding=&#8221;12px|||||&#8221; global_colors_info=&#8221;{}&#8221; theme_builder_area=&#8221;post_content&#8221;][et_pb_column type=&#8221;1_5&#8243; disabled_on=&#8221;on|on|off&#8221; _builder_version=&#8221;4.20.2&#8243; _module_preset=&#8221;default&#8221; global_colors_info=&#8221;{}&#8221; theme_builder_area=&#8221;post_content&#8221;][\/et_pb_column][et_pb_column type=&#8221;3_5&#8243; _builder_version=&#8221;4.20.2&#8243; _module_preset=&#8221;default&#8221; global_colors_info=&#8221;{}&#8221; theme_builder_area=&#8221;post_content&#8221;][et_pb_image src=&#8221;https:\/\/www.lionssansepolcro.it\/wp-content\/uploads\/2024\/04\/Via-della-Castellina.png&#8221; alt=&#8221;Via della Castellina&#8221; title_text=&#8221;Via della Castellina&#8221; align=&#8221;center&#8221; _builder_version=&#8221;4.24.0&#8243; _module_preset=&#8221;default&#8221; width=&#8221;100%&#8221; max_width=&#8221;100%&#8221; min_height=&#8221;11px&#8221; height=&#8221;586px&#8221; max_height=&#8221;1000px&#8221; custom_margin=&#8221;|47px|40px||false|false&#8221; custom_padding=&#8221;|0px|4px|0px|false|false&#8221; hover_enabled=&#8221;0&#8243; global_colors_info=&#8221;{}&#8221; theme_builder_area=&#8221;post_content&#8221; sticky_enabled=&#8221;0&#8243;][\/et_pb_image][et_pb_text _builder_version=&#8221;4.24.0&#8243; _module_preset=&#8221;default&#8221; text_font_size=&#8221;18px&#8221; text_line_height=&#8221;1.8em&#8221; custom_margin=&#8221;||20px|||&#8221; custom_padding=&#8221;||0px|||&#8221; hover_enabled=&#8221;0&#8243; global_colors_info=&#8221;{}&#8221; theme_builder_area=&#8221;post_content&#8221; sticky_enabled=&#8221;0&#8243;]<\/p>\n<p><span style=\"font-size: large;\">Via della Castellina si apre a fianco al Palazzo Aggiunti in Via Matteotti, e inizia con un&#8217;arcata tra due torri medievali, ormai prive della loro solennit\u00e0, sotto la quale una iscrizione &#8211; quasi ignorata &#8211; recita cos\u00ec: <\/span><\/p>\n<p style=\"text-align: center;\"><span style=\"font-size: large;\">HAC.PRIMA.VIA.<\/span><\/p>\n<p style=\"text-align: center;\"><span style=\"font-size: large;\">VULGO.CASTELLINA<\/span><\/p>\n<p style=\"text-align: center;\"><span style=\"font-size: large;\">TURRITAE.<\/span><\/p>\n<p style=\"text-align: center;\"><span style=\"font-size: large;\">GHERARDORUM.<\/span><\/p>\n<p style=\"text-align: center;\"><span style=\"font-size: large;\">AEDES<\/span><\/p>\n<p style=\"text-align: center;\"><span style=\"font-size: large;\">INDEQ.PICHIORUM.<\/span><\/p>\n<p style=\"text-align: center;\"><span style=\"font-size: large;\">ILLIS.OPPOSITAE.<\/span><\/p>\n<p style=\"text-align: center;\"><span style=\"font-size: large;\">EXSTRUCTAE.A.R.S.<\/span><\/p>\n<p style=\"text-align: center;\"><span style=\"font-size: large;\">CMXXXVII<\/span><span style=\"font-size: large;\"><\/span><\/p>\n<p style=\"text-align: justify;\"><span style=\"font-size: large;\">In questa <em>prima<\/em> strada chiamata dalla gente Castellina furono costruite le case dei Gherardi e quindi di fronte a quelle le case dei Pichi. Anno della recuperata salvezza 937.\u00a0<\/span><\/p>\n<p style=\"text-align: justify;\"><span style=\"font-size: large;\">Preziosa notizia per l&#8217;origine della citt\u00e0. Ci viene detto che la Castellina era la <em>prima<\/em> via, o anche <em>principale<\/em>, e che le <em>gentes\u00a0<\/em>dei Gherardi e dei Pichi costruirono nel 937 le loro case, praticamente fondando un nuovo abitato. Immediata l&#8217;associazione con il mito di fondazione del centro demico di Sansepolcro nella zona di Noceati: un albero di noci quello su cui volarono le reliquie, un albero di noci quello che compare nel <em>Battesimo di Cristo\u00a0<\/em>di Piero della Francesca, quasi una pianta identitaria. La storia narra della venuta dei pellegrini Arcano ed Egidio, qua giunti con le reliquie del Santo Sepolcro sul culto delle quali ha preso l&#8217;avvio la storia del Borgo. Plausibile del resto: una strada segue da Roma il corso del Tevere e giunge ad un &#8220;nodo viario&#8221; &#8211; com&#8217;\u00e8 del resto nella natura di Sansepolcro. Per essere tale, l&#8217;abitato non pu\u00f2 non avere un ospizio per pellegrini e un luogo di culto, che potrebbe essere l&#8217;Oratorio detto di San Leonardo o anche dei Quattro Santi Evangelisti, presente un eremita. La chiesa sarebbe sorta in seguito alla traslazione delle reliquie del Santo Sepolcro da cui l&#8217;abitato prese il nome. Queste, polo aggregante, richiamarono la presenza di famiglie, diciamo nobilari, che lasciarono le loro case convergendo nel luogo santo, mettendosi, si pu\u00f2 anche pensare, sotto la protezione dell&#8217;abbazia. Tra queste, secondo gli storici locali, vennero i Gherardi, signori di Rocca Cignata e Casalino, i Bofolci, padroni di Monte Casale, i Tarlati, proprietari della forte piazza di Pietramala da loro edificata e altri&#8230; Non si nominano i Pichi ma \u00e8 noto che questa <em>gens\u00a0<\/em>\u00e8 un&#8217;antica e nobile famiglia, proprietaria del forte castello d&#8217;Afra.\u00a0<\/span><\/p>\n<p style=\"text-align: justify;\"><span style=\"font-size: large;\">Siamo nel 937, la data citata per l&#8217;origine del Borgo S. Sepolcro dal Bercordati, dall&#8217;autore dell&#8217;<em>Historia Burgi dal Commentariolus historicus de origine et progressu civitatis B.S.S. auctore anonimo ad Nicolaum quintum Ponteficem.\u00a0<\/em>Ora confermata dall&#8217;iscrizione. Anche lo storico Lorenzo Coleschi narra le vicende di Sansepolcro dal 937, che appare dunque la pi\u00f9 probabile tra le date proposte. Da aggiungere che fu nel 937 &#8211; si dice &#8211; che Arcano consegn\u00f2 all&#8217;abate Isaia le reliquie che furono poste nel Monacato.\u00a0<\/span><\/p>\n<p>[\/et_pb_text][et_pb_gallery _builder_version=&#8221;4.24.0&#8243; _module_preset=&#8221;default&#8221; theme_builder_area=&#8221;post_content&#8221; gallery_ids=&#8221;572,573&#8243; orientation=&#8221;portrait&#8221; hover_enabled=&#8221;0&#8243; sticky_enabled=&#8221;0&#8243; custom_padding=&#8221;||0px|||&#8221; min_height=&#8221;388.8px&#8221; custom_margin=&#8221;35px|||||&#8221;][\/et_pb_gallery][et_pb_text _builder_version=&#8221;4.24.0&#8243; _module_preset=&#8221;default&#8221; custom_margin=&#8221;-28px|-1px|45px|||&#8221; hover_enabled=&#8221;0&#8243; global_colors_info=&#8221;{}&#8221; theme_builder_area=&#8221;post_content&#8221; sticky_enabled=&#8221;0&#8243;]<\/p>\n<p style=\"text-align: center;\">Fig. 1 &#8211; Via della Castellina\u00a0 \u00a0 \u00a0 \u00a0 \u00a0 \u00a0 \u00a0 \u00a0 \u00a0 \u00a0 \u00a0 \u00a0 \u00a0 \u00a0 \u00a0 \u00a0 \u00a0 \u00a0 \u00a0 \u00a0 \u00a0 \u00a0Fig. 2 &#8211; Ingresso in Via della Castellina<\/p>\n<p>[\/et_pb_text][et_pb_text _builder_version=&#8221;4.24.0&#8243; _module_preset=&#8221;default&#8221; text_font_size=&#8221;18px&#8221; text_line_height=&#8221;1.8em&#8221; custom_margin=&#8221;-17px||40px|||&#8221; hover_enabled=&#8221;0&#8243; global_colors_info=&#8221;{}&#8221; theme_builder_area=&#8221;post_content&#8221; sticky_enabled=&#8221;0&#8243;]<\/p>\n<p align=\"justify\"><span style=\"font-size: large;\">L&#8217;iscrizione in questione pone per\u00f2 altre domande. La Via della Castellina, che nel nome ricorda una fortificazione, posta proprio difronte alla Cattedrale, sembra continuare nella strada coperta che costeggia il chiostro dove si trova la fonte dei pellegrini. Da ricordare che Leone X, elevando Sansepolcro diocesi nel 1515, la defin\u00ec &#8220;terapeutica&#8221; consacrando definitivamente il mito di fondazione, pur con qualche variante. Farebbe pensare alla via principale di un <em>castrum,\u00a0<\/em>luogo munito di recinti, o accampamento. Ne \u00e8 testimonianza la struttura della citt\u00e0, studiata dal Benini sul confronto con un accampamento romano. Il luogo dove deporre le reliquie fu probailmente costruito all&#8217;incrocio tra la <em>Via Praetoria<\/em> e la <em>Via Principalis<\/em>, nel centro della citt\u00e0.\u00a0<\/span><\/p>\n<p align=\"justify\"><span style=\"font-size: large;\">Gli anghiaresi preferiscono pensare di aver costruito nella pianura una stalla per cavalli che magari poteva anche chiamarsi Biturgia. Di questa presunta presenza di Biturgia, superata e liquidata nel tempo, \u00e8 rimasto soltanto l&#8217;appellativo di Biturgensi. Peraltro sostituito nel corso degli anni col termine &#8220;borghesi, equivoca denominazione desunta dal termine Borgo. Che di per s\u00e9 significa &#8220;fortezza&#8221; o &#8220;castello&#8221;, comunque un centro fortificato e difeso. Pare che il termine esistesse prima dei pellegrini e fosse riservato ad un&#8217;antica rocca; tali &#8220;vetusti avanzi&#8221; sarebbero compresi nel torrione o mastio della nostra Fortezza, ma non si pu\u00f2 affatto stabilire chi li abbia edificati e quando. In seguito il termine &#8220;borgo&#8221; fu riservato a luoghi che disponevano anche di un mercato, che Sansepolcro ha avuto nel 1038. Da qui la tesi che il centro potesse essere nato come conseguenza e per bisogno dell&#8217;insediamento monastico.\u00a0<\/span><\/p>\n<p align=\"justify\"><span style=\"font-size: large;\">Rimane il dato dell&#8217;iscrizione della Castellina come testimonianza della probabile origine romana, che potrebbe spiegare la presenza della stele di Quinti Volcacio, giovane soldato morto a 25 anni, conservata nel Museo cittadino. Dall&#8217;iscrizione funebre hanno colpito la precisione e l&#8217;eleganza delle lettere, da far pensare ad una officina organizzata e accurata che pu\u00f2 trovarsi solo in un centro evoluto. Giovanni Cecconi, nei suoi studi sulla centuriazione della Valtiberina, lo considera un &#8220;vicus&#8221; (aggregato di case e terreni appartenenti ad un <em>pagus,\u00a0<\/em>circoscrizione territoriale in cui erano presenti pi\u00f9 vici) e tale, pare, rimase fino agli inizi del sec. XII. Il &#8220;vico&#8221; pu\u00f2 anche richiamare il soprastante monte chiamato Monte Vichi, non abitato tanto da rustici contadini quanto da signori. Tutte queste ipotesi non costituiscono l&#8217;identit\u00e0 del luogo e dei suoi abitanti, che invece si fonda sulle reliquie dei pellegrini, mito o realt\u00e0 che fosse, e sulle famiglie che lo abitarono, ancora &#8211; pu\u00f2 darsi &#8211; ricordate dalle pi\u00f9 antiche denominazioni delle strade che sarebbero di per s\u00e8 oggetto di studio: Gherardi e Pichi, ma anche Bofolci, Taurini, Catani, Cittadini ecc. che fecero vivere la citt\u00e0 e ne iniziarono la storia; le genti che nel 1188 costruirono la torre di piazza, la Torre di Berta, simbolo di Sansepolcro, distrutta dalla guerra.\u00a0<\/span><\/p>\n<p>[\/et_pb_text][et_pb_image src=&#8221;https:\/\/www.lionssansepolcro.it\/wp-content\/uploads\/2024\/04\/Stele-di-Quinto-Volacio-Museo-Civico.png&#8221; _builder_version=&#8221;4.24.0&#8243; _module_preset=&#8221;default&#8221; theme_builder_area=&#8221;post_content&#8221; alt=&#8221;Stele di Quinto Volacio, Museo Civico&#8221; title_text=&#8221;Stele di Quinto Volacio, Museo Civico&#8221; hover_enabled=&#8221;0&#8243; sticky_enabled=&#8221;0&#8243; align=&#8221;center&#8221;][\/et_pb_image][et_pb_text _builder_version=&#8221;4.24.0&#8243; _module_preset=&#8221;default&#8221; theme_builder_area=&#8221;post_content&#8221; hover_enabled=&#8221;0&#8243; sticky_enabled=&#8221;0&#8243;]<\/p>\n<p style=\"text-align: center;\">Fig. 3 &#8211; Stele di Quinto Volcacio, Museo Civico, Sansepolcro<\/p>\n<p>[\/et_pb_text][et_pb_text _builder_version=&#8221;4.24.0&#8243; _module_preset=&#8221;default&#8221; text_font_size=&#8221;18px&#8221; text_line_height=&#8221;1.8em&#8221; width=&#8221;100%&#8221; custom_margin=&#8221;60px|641px||||&#8221; custom_padding=&#8221;|||0px||&#8221; locked=&#8221;off&#8221; global_colors_info=&#8221;{}&#8221; theme_builder_area=&#8221;post_content&#8221;]<\/p>\n<p align=\"justify\">STUDIO di GIULIANA MAGGINI.<\/p>\n<p>[\/et_pb_text][et_pb_image src=&#8221;https:\/\/www.lionssansepolcro.it\/wp-content\/uploads\/2023\/11\/logo-universita-dell-eta-libera-sansepolcro.png&#8221; alt=&#8221;Universit\u00e0 dell&#8217;Et\u00e0 Libera &#8211; Sansepolcro&#8221; title_text=&#8221;Universit\u00e0 dell&#8217;Et\u00e0 Libera &#8211; Sansepolcro&#8221; align=&#8221;center&#8221; _builder_version=&#8221;4.20.2&#8243; _module_preset=&#8221;default&#8221; custom_margin=&#8221;35px||35px||true|&#8221; custom_padding=&#8221;3px|||||&#8221; global_colors_info=&#8221;{}&#8221; theme_builder_area=&#8221;post_content&#8221;][\/et_pb_image][\/et_pb_column][et_pb_column type=&#8221;1_5&#8243; disabled_on=&#8221;on|on|off&#8221; _builder_version=&#8221;4.20.2&#8243; _module_preset=&#8221;default&#8221; global_colors_info=&#8221;{}&#8221; theme_builder_area=&#8221;post_content&#8221;][\/et_pb_column][\/et_pb_row][\/et_pb_section]<\/p>","protected":false},"excerpt":{"rendered":"<p>VIA DELLA CASTELLINA SULLE ORIGINI DI SANSEPOLCRO<span><span><a href=\"https:\/\/www.lionssansepolcro.it\/en\/\">Home<\/a><\/span><\/span> Via della Castellina si apre a fianco al Palazzo Aggiunti in Via Matteotti, e inizia con un&#8217;arcata tra due torri medievali, ormai prive della loro solennit\u00e0, sotto la quale una iscrizione &#8211; quasi ignorata &#8211; recita cos\u00ec: HAC.PRIMA.VIA. VULGO.CASTELLINA TURRITAE. GHERARDORUM. AEDES INDEQ.PICHIORUM. ILLIS.OPPOSITAE. EXSTRUCTAE.A.R.S. CMXXXVII In questa [&hellip;]<\/p>","protected":false},"author":1,"featured_media":0,"parent":0,"menu_order":0,"comment_status":"closed","ping_status":"closed","template":"","meta":{"_et_pb_use_builder":"on","_et_pb_old_content":"","_et_gb_content_width":"","footnotes":""},"class_list":["post-564","page","type-page","status-publish","hentry"],"yoast_head":"<!-- This site is optimized with the Yoast SEO plugin v27.4 - https:\/\/yoast.com\/product\/yoast-seo-wordpress\/ -->\n<title>Via della Castellina - Lions Sansepolcro<\/title>\n<meta name=\"robots\" content=\"noindex, follow\" \/>\n<meta property=\"og:locale\" content=\"en_GB\" \/>\n<meta property=\"og:type\" content=\"article\" \/>\n<meta property=\"og:title\" content=\"Via della Castellina - Lions Sansepolcro\" \/>\n<meta property=\"og:description\" content=\"VIA DELLA CASTELLINA SULLE ORIGINI DI SANSEPOLCRO Via della Castellina si apre a fianco al Palazzo Aggiunti in Via Matteotti, e inizia con un&#039;arcata tra due torri medievali, ormai prive della loro solennit\u00e0, sotto la quale una iscrizione - quasi ignorata - recita cos\u00ec: HAC.PRIMA.VIA. VULGO.CASTELLINA TURRITAE. GHERARDORUM. AEDES INDEQ.PICHIORUM. ILLIS.OPPOSITAE. EXSTRUCTAE.A.R.S. CMXXXVII In questa [&hellip;]\" \/>\n<meta property=\"og:url\" content=\"https:\/\/www.lionssansepolcro.it\/en\/via-della-castellina-2\/\" \/>\n<meta property=\"og:site_name\" content=\"Lions Sansepolcro\" \/>\n<meta name=\"twitter:card\" content=\"summary_large_image\" \/>\n<meta name=\"twitter:label1\" content=\"Estimated reading time\" \/>\n\t<meta name=\"twitter:data1\" content=\"8 minutes\" \/>\n<script type=\"application\/ld+json\" class=\"yoast-schema-graph\">{\"@context\":\"https:\\\/\\\/schema.org\",\"@graph\":[{\"@type\":\"WebPage\",\"@id\":\"https:\\\/\\\/www.lionssansepolcro.it\\\/via-della-castellina-2\\\/\",\"url\":\"https:\\\/\\\/www.lionssansepolcro.it\\\/via-della-castellina-2\\\/\",\"name\":\"Via della Castellina - Lions Sansepolcro\",\"isPartOf\":{\"@id\":\"https:\\\/\\\/www.lionssansepolcro.it\\\/#website\"},\"datePublished\":\"2024-04-24T09:11:42+00:00\",\"breadcrumb\":{\"@id\":\"https:\\\/\\\/www.lionssansepolcro.it\\\/via-della-castellina-2\\\/#breadcrumb\"},\"inLanguage\":\"en-GB\",\"potentialAction\":[{\"@type\":\"ReadAction\",\"target\":[\"https:\\\/\\\/www.lionssansepolcro.it\\\/via-della-castellina-2\\\/\"]}]},{\"@type\":\"BreadcrumbList\",\"@id\":\"https:\\\/\\\/www.lionssansepolcro.it\\\/via-della-castellina-2\\\/#breadcrumb\",\"itemListElement\":[{\"@type\":\"ListItem\",\"position\":1,\"name\":\"Home\",\"item\":\"https:\\\/\\\/www.lionssansepolcro.it\\\/\"},{\"@type\":\"ListItem\",\"position\":2,\"name\":\"Via della Castellina\"}]},{\"@type\":\"WebSite\",\"@id\":\"https:\\\/\\\/www.lionssansepolcro.it\\\/#website\",\"url\":\"https:\\\/\\\/www.lionssansepolcro.it\\\/\",\"name\":\"Lions Sansepolcro\",\"description\":\"\",\"potentialAction\":[{\"@type\":\"SearchAction\",\"target\":{\"@type\":\"EntryPoint\",\"urlTemplate\":\"https:\\\/\\\/www.lionssansepolcro.it\\\/?s={search_term_string}\"},\"query-input\":{\"@type\":\"PropertyValueSpecification\",\"valueRequired\":true,\"valueName\":\"search_term_string\"}}],\"inLanguage\":\"en-GB\"}]}<\/script>\n<!-- \/ Yoast SEO plugin. -->","yoast_head_json":{"title":"Via della Castellina - Lions Sansepolcro","robots":{"index":"noindex","follow":"follow"},"og_locale":"en_GB","og_type":"article","og_title":"Via della Castellina - Lions Sansepolcro","og_description":"VIA DELLA CASTELLINA SULLE ORIGINI DI SANSEPOLCRO Via della Castellina si apre a fianco al Palazzo Aggiunti in Via Matteotti, e inizia con un'arcata tra due torri medievali, ormai prive della loro solennit\u00e0, sotto la quale una iscrizione - quasi ignorata - recita cos\u00ec: HAC.PRIMA.VIA. VULGO.CASTELLINA TURRITAE. GHERARDORUM. AEDES INDEQ.PICHIORUM. ILLIS.OPPOSITAE. EXSTRUCTAE.A.R.S. CMXXXVII In questa [&hellip;]","og_url":"https:\/\/www.lionssansepolcro.it\/en\/via-della-castellina-2\/","og_site_name":"Lions Sansepolcro","twitter_card":"summary_large_image","twitter_misc":{"Estimated reading time":"8 minutes"},"schema":{"@context":"https:\/\/schema.org","@graph":[{"@type":"WebPage","@id":"https:\/\/www.lionssansepolcro.it\/via-della-castellina-2\/","url":"https:\/\/www.lionssansepolcro.it\/via-della-castellina-2\/","name":"Via della Castellina - Lions Sansepolcro","isPartOf":{"@id":"https:\/\/www.lionssansepolcro.it\/#website"},"datePublished":"2024-04-24T09:11:42+00:00","breadcrumb":{"@id":"https:\/\/www.lionssansepolcro.it\/via-della-castellina-2\/#breadcrumb"},"inLanguage":"en-GB","potentialAction":[{"@type":"ReadAction","target":["https:\/\/www.lionssansepolcro.it\/via-della-castellina-2\/"]}]},{"@type":"BreadcrumbList","@id":"https:\/\/www.lionssansepolcro.it\/via-della-castellina-2\/#breadcrumb","itemListElement":[{"@type":"ListItem","position":1,"name":"Home","item":"https:\/\/www.lionssansepolcro.it\/"},{"@type":"ListItem","position":2,"name":"Via della Castellina"}]},{"@type":"WebSite","@id":"https:\/\/www.lionssansepolcro.it\/#website","url":"https:\/\/www.lionssansepolcro.it\/","name":"Lions Sansepolcro","description":"","potentialAction":[{"@type":"SearchAction","target":{"@type":"EntryPoint","urlTemplate":"https:\/\/www.lionssansepolcro.it\/?s={search_term_string}"},"query-input":{"@type":"PropertyValueSpecification","valueRequired":true,"valueName":"search_term_string"}}],"inLanguage":"en-GB"}]}},"_links":{"self":[{"href":"https:\/\/www.lionssansepolcro.it\/en\/wp-json\/wp\/v2\/pages\/564","targetHints":{"allow":["GET"]}}],"collection":[{"href":"https:\/\/www.lionssansepolcro.it\/en\/wp-json\/wp\/v2\/pages"}],"about":[{"href":"https:\/\/www.lionssansepolcro.it\/en\/wp-json\/wp\/v2\/types\/page"}],"author":[{"embeddable":true,"href":"https:\/\/www.lionssansepolcro.it\/en\/wp-json\/wp\/v2\/users\/1"}],"replies":[{"embeddable":true,"href":"https:\/\/www.lionssansepolcro.it\/en\/wp-json\/wp\/v2\/comments?post=564"}],"version-history":[{"count":5,"href":"https:\/\/www.lionssansepolcro.it\/en\/wp-json\/wp\/v2\/pages\/564\/revisions"}],"predecessor-version":[{"id":577,"href":"https:\/\/www.lionssansepolcro.it\/en\/wp-json\/wp\/v2\/pages\/564\/revisions\/577"}],"wp:attachment":[{"href":"https:\/\/www.lionssansepolcro.it\/en\/wp-json\/wp\/v2\/media?parent=564"}],"curies":[{"name":"wp","href":"https:\/\/api.w.org\/{rel}","templated":true}]}}