{"id":9,"date":"2023-10-23T12:51:19","date_gmt":"2023-10-23T10:51:19","guid":{"rendered":"https:\/\/www.lionssansepolcro.it\/?page_id=9"},"modified":"2024-02-01T09:06:29","modified_gmt":"2024-02-01T08:06:29","slug":"via-giordano-bruno-sansepolcro","status":"publish","type":"page","link":"https:\/\/www.lionssansepolcro.it\/en\/sansepolcro\/via-giordano-bruno-sansepolcro\/","title":{"rendered":"Via Giordano Bruno"},"content":{"rendered":"<p>[et_pb_section fb_built=&#8221;1&#8243; _builder_version=&#8221;4.20.2&#8243; _module_preset=&#8221;default&#8221; global_colors_info=&#8221;{}&#8221;][et_pb_row _builder_version=&#8221;4.20.2&#8243; _module_preset=&#8221;default&#8221; custom_margin_tablet=&#8221;&#8221; custom_margin_phone=&#8221;0px||0px||false|false&#8221; custom_margin_last_edited=&#8221;on|phone&#8221; custom_padding=&#8221;0px||0px||false|false&#8221; global_colors_info=&#8221;{}&#8221;][et_pb_column type=&#8221;4_4&#8243; _builder_version=&#8221;4.20.2&#8243; _module_preset=&#8221;default&#8221; global_colors_info=&#8221;{}&#8221;][et_pb_text _builder_version=&#8221;4.20.2&#8243; _module_preset=&#8221;default&#8221; header_text_align=&#8221;center&#8221; header_text_color=&#8221;gcid-7fb39c74-6696-4b04-920d-3624ea959f6b&#8221; header_font_size=&#8221;56px&#8221; header_2_text_align=&#8221;center&#8221; custom_margin=&#8221;0px||0px||false|false&#8221; custom_margin_tablet=&#8221;0px||0px||false|false&#8221; custom_margin_phone=&#8221;0px||0px||false|false&#8221; custom_margin_last_edited=&#8221;on|phone&#8221; custom_padding=&#8221;0px||0px||false|false&#8221; header_font_size_tablet=&#8221;48px&#8221; header_font_size_phone=&#8221;32px&#8221; header_font_size_last_edited=&#8221;on|phone&#8221; global_colors_info=&#8221;{%22gcid-7fb39c74-6696-4b04-920d-3624ea959f6b%22:%91%22header_text_color%22%93}&#8221;]<\/p>\n<h1>VIA GIORDANO BRUNO<\/h1>\n<h2>QUARTIERE DI SAN BARTOLOMEO<\/h2>\n<p>[\/et_pb_text][\/et_pb_column][\/et_pb_row][et_pb_row _builder_version=&#8221;4.20.2&#8243; _module_preset=&#8221;default&#8221; custom_padding=&#8221;||13px|||&#8221; global_colors_info=&#8221;{}&#8221;][et_pb_column type=&#8221;4_4&#8243; _builder_version=&#8221;4.20.2&#8243; _module_preset=&#8221;default&#8221; global_colors_info=&#8221;{}&#8221;][et_pb_text _builder_version=&#8221;4.20.2&#8243; _module_preset=&#8221;default&#8221; global_module=&#8221;118&#8243; saved_tabs=&#8221;all&#8221; global_colors_info=&#8221;{}&#8221;]<\/p>\n<span><span><a href=\"https:\/\/www.lionssansepolcro.it\/en\/\">Home<\/a><\/span><\/span>\n<p>[\/et_pb_text][\/et_pb_column][\/et_pb_row][et_pb_row column_structure=&#8221;1_5,3_5,1_5&#8243; _builder_version=&#8221;4.20.2&#8243; _module_preset=&#8221;default&#8221; custom_padding=&#8221;1px|||||&#8221; global_colors_info=&#8221;{}&#8221;][et_pb_column type=&#8221;1_5&#8243; _builder_version=&#8221;4.20.2&#8243; _module_preset=&#8221;default&#8221; global_colors_info=&#8221;{}&#8221;][\/et_pb_column][et_pb_column type=&#8221;3_5&#8243; _builder_version=&#8221;4.20.2&#8243; _module_preset=&#8221;default&#8221; global_colors_info=&#8221;{}&#8221;][et_pb_image src=&#8221;https:\/\/www.lionssansepolcro.it\/wp-content\/uploads\/2024\/02\/Quartiere-di-San-Bartolomeo-1.png&#8221; alt=&#8221;Quartiere di San Bartolomeo &#8211; Sansepolcro&#8221; title_text=&#8221;Quartiere di San Bartolomeo&#8221; _builder_version=&#8221;4.24.0&#8243; _module_preset=&#8221;default&#8221; custom_margin=&#8221;||56px|||&#8221; hover_enabled=&#8221;0&#8243; global_colors_info=&#8221;{}&#8221; sticky_enabled=&#8221;0&#8243;][\/et_pb_image][et_pb_text _builder_version=&#8221;4.20.2&#8243; _module_preset=&#8221;default&#8221; text_font_size=&#8221;18px&#8221; text_line_height=&#8221;1.8em&#8221; global_colors_info=&#8221;{}&#8221;]<\/p>\n<p>Ha un sviluppo verticale, perpendicolare alla Via Maestra, \u00e8 la pi\u00f9 vicina alla cinta muraria del lato Ovest rimasta intatta, mentre il tratto, che continua sopra la via Maestra, costeggia ancora le mura, che per\u00f2, in parte sono state abbattute.<\/p>\n<p>La strada, entrando in citt\u00e0 dall\u2019Arco di Porta Fiorentina, va dalle mura fino a Via San Bartolomeo. Anticamente giungeva fino a Via Santa Croce ma la modifica \u00e8 avvenuta con la costruzione del Collegio INPDAP nel 1936. Quella che adesso va sotto il nome di Via Giordano Bruno era anticamente divisa in due tratti, con nomi diversi: Via del Travaglio, dalle mura a nord fino a Via Maestra (oggi Via XX Settembre), e Via della Buiana da Via Maestra a Via Santa Croce. All\u2019inizio del secolo scorso era di moda sostituire nomi antichi con dei nuovi e fu approvata la proposta (1906) di darle un unico nome: Via Giordano Bruno. Nel 1938 su richiesta di Mons. Ghezzi, il nome Giordano Bruno venne tolto (viste le caratteristiche del personaggio) e sostituito con Roberto Costaguti (vescovo di Sansepolcro tra la fine del \u2018700 e gli inizi del \u2019800). Si ritorn\u00f2 al nome Giordano Bruno nel 1947 con una delibera che presentava, erroneamente, tale personaggio \u201dcome martire della libert\u00e0, conosciuto in tutto il mondo\u201d. Per quanto riguarda il primo tratto, a nord, l\u2019antica Via del Travaglio, pare che sia riferita a un luogo di esecuzione (sec. XI e XII). Questo spazio si trovava fuori le mura e forse serviva per pene capitali. Nel sec. XIII questo luogo venne inglobato nella cinta muraria e pertanto non pot\u00e8 pi\u00f9 servire allo scopo sopra detto. Allora la zona delle Forche venne scelta per questo adempimento<sup style=\"font-size: 60%\">1<\/sup>. Nel secondo tratto, da Via XX Settembre a Via San Bartolomeo, la strada prende il nome di Via della Buiana. A tutt\u2019oggi non c\u2019\u00e8 una spiegazione per tale nome; forse fa riferimento a una localit\u00e0 montagnosa, a nord-ovest di Sansepolcro, che si chiama La Buiana o Le Buiane. In questo tratto c\u2019\u00e8 di interessante solo l\u2019ingresso principale della Chiesa di Sant\u2019Agostino.<\/p>\n<hr>\n<p><sup style=\"font-size: 60%\">1<\/sup><span style=\"font-size: 12px\">ANGELO TAFI, Immagine di Borgo San Sepolcro, pag. 289, Calosci-Cortona, 1994.<\/span>[\/et_pb_text][et_pb_text _builder_version=&#8221;4.20.2&#8243; _module_preset=&#8221;default&#8221; header_3_text_align=&#8221;center&#8221; header_3_text_color=&#8221;gcid-7fb39c74-6696-4b04-920d-3624ea959f6b&#8221; global_colors_info=&#8221;{%22gcid-7fb39c74-6696-4b04-920d-3624ea959f6b%22:%91%22header_3_text_color%22%93}&#8221;]<\/p>\n<h3>CHIESA DI SANT\u2019AGOSTINO<\/h3>\n<p>[\/et_pb_text][et_pb_text _builder_version=&#8221;4.20.2&#8243; _module_preset=&#8221;default&#8221; text_font_size=&#8221;18px&#8221; text_line_height=&#8221;1.8em&#8221; global_colors_info=&#8221;{}&#8221;]La chiesa di Sant\u2019Agostino, anticamente Pieve di Santa Maria fin dal 1203. Cambi\u00f2 nome in quello di Sant\u2019Agostino nel 1555, quando vi si trasferirono i frati agostiniani che, lasciarono il loro convento e la chiesa di S. Agostino (oggi S. Chiara), alle Monache di S. Chiara che erano rimaste senza monastero, distrutto per ragioni militari da Cosimo I, perch\u00e9 posto fuori le mura. I frati Agostiniani trovarono una bella chiesa, ma il convento dovettero costruirlo nella zona adiacente tra il 1580 e i primi del \u2018600. La chiesa come la vediamo attualmente, \u00e8 quella che fu fatta costruire dagli Agostiniani tra il 1771 e il 1785 su progetto dell\u2019architetto Vincenzo Righi da Camerino in stile barocco-rococ\u00f2. Dell\u2019antica Pieve, in stile romanico (1203), \u00e8 rimasta solo la base del campanile, che pare costruita su resti di un\u2019antica torre medievale e parte dell\u2019abside che presenta una piccola monofora. Probabilmente il primo edificio di stile romanico, era a unica navata; pi\u00f9 tardi venne modificato in tre navate ma non conosciamo il periodo di tale cambiamento. Attualmente si presenta a un\u2019unica navata, con stucchi a stile barocco-rococ\u00f2, lunga 40 m. e larga circa 18   m., coperta a vela e assai luminosa. Tra il 1957 e il 1963 vennero rifatti il pavimento, la balaustra e le finestre. In Via Giordano Bruno, si trova l\u2019ingresso principale della chiesa che ha un portale cinquecentesco con decorazioni in pietra serena a \u201c candelabra\u201d (motivo ornamentale in uso nelle arti figurative). L\u2019ingresso secondario si trova in Via XX Settembre gi\u00e0 Via Maestra.[\/et_pb_text][et_pb_image src=&#8221;https:\/\/www.lionssansepolcro.it\/wp-content\/uploads\/2023\/10\/chiesa-san-bartolomeo-sansepolcro.jpg&#8221; alt=&#8221;Chiesa San Bartolomeo Sansepolcro&#8221; title_text=&#8221;Chiesa San Bartolomeo Sansepolcro&#8221; _builder_version=&#8221;4.20.2&#8243; _module_preset=&#8221;default&#8221; global_colors_info=&#8221;{}&#8221;][\/et_pb_image][et_pb_text _builder_version=&#8221;4.20.2&#8243; _module_preset=&#8221;default&#8221; global_colors_info=&#8221;{}&#8221;]<\/p>\n<p style=\"text-align: center;\">Fig.1 &#8211; Torre-campanile di S. Agostino<\/p>\n<p>[\/et_pb_text][et_pb_image src=&#8221;https:\/\/www.lionssansepolcro.it\/wp-content\/uploads\/2023\/10\/facciata-chiesa-san-bartolomeo-sansepolcro.jpg&#8221; alt=&#8221;Chiesa San Bartolomeo Sansepolcro&#8221; title_text=&#8221;Facciata chiesa San Bartolomeo Sansepolcro&#8221; align=&#8221;center&#8221; _builder_version=&#8221;4.20.2&#8243; _module_preset=&#8221;default&#8221; width=&#8221;50%&#8221; global_colors_info=&#8221;{}&#8221;][\/et_pb_image][et_pb_text _builder_version=&#8221;4.20.2&#8243; _module_preset=&#8221;default&#8221; custom_padding=&#8221;||0px|||&#8221; global_colors_info=&#8221;{}&#8221;]<\/p>\n<p style=\"text-align: center;\">Fig.2 &#8211; Facciata<\/p>\n<p>[\/et_pb_text][et_pb_image src=&#8221;https:\/\/www.lionssansepolcro.it\/wp-content\/uploads\/2023\/10\/interno-chiesa-san-bartolomeo-sansepolcro.jpg&#8221; alt=&#8221;Interno Chiesa San Bartolomeo Sansepolcro&#8221; title_text=&#8221;Interno Chiesa San Bartolomeo Sansepolcro&#8221; align=&#8221;center&#8221; _builder_version=&#8221;4.20.2&#8243; _module_preset=&#8221;default&#8221; global_colors_info=&#8221;{}&#8221;][\/et_pb_image][et_pb_text _builder_version=&#8221;4.20.2&#8243; _module_preset=&#8221;default&#8221; global_colors_info=&#8221;{}&#8221;]<\/p>\n<p style=\"text-align: center;\">Fig.3 &#8211; <span style=\"font-size: large;\">Veduta dell\u2019interno<\/span><\/p>\n<p>[\/et_pb_text][et_pb_text _builder_version=&#8221;4.20.2&#8243; _module_preset=&#8221;default&#8221; text_font_size=&#8221;18px&#8221; text_line_height=&#8221;1.8em&#8221; global_colors_info=&#8221;{}&#8221;]Nell\u2019interno, in fondo a destra, troviamo la cappella di Santa Rita con la tomba di Maddalena Rinaldi, santa terziaria agostiniana. Nell\u2019interno, di particolare interesse, troviamo un crocifisso ligneo del sec. XIV; un coro eseguito da maestranze locali del sec. XVIII; l\u2019arca seicentesca lignea del Beato Angelo Scarpetti (morto nel 1220) che si trova sotto l\u2019altare maggiore; la Madonna della cintola del sec. XVIII, di Giovanni Cimica (1743-1788), che si trova nel catino dell\u2019abside; la Nativit\u00e0 di Maria, del sec. XVI, di Jacopo Vignali con, nella lunetta, l\u2019Eterno Padre, di scuola del Perugino, sec. XV. A partire dalla met\u00e0 del \u2018300, risulta presente in questa chiesa, l\u2019antichissimo Crocifisso ligneo detto Volto Santo, scolpito da artista sconosciuto, in un tronco di noce, risalente all\u2019VIII, IX secolo, trasportato in Cattedrale nel 1770 a seguito ai lavori che si stavano eseguendo nella chiesa di Sant\u2019 Agostino<sup style=\"font-size: 60%\">2<\/sup>.<\/p>\n<hr>\n<p><sup style=\"font-size: 60%\">2<\/sup><span style=\"font-size: 12px\">ANGELO TAFI, Immagine di Borgo San Sepolcro, pag. 289, Calosci-Cortona, 1994<\/span>.[\/et_pb_text][et_pb_text _builder_version=&#8221;4.20.2&#8243; _module_preset=&#8221;default&#8221; header_text_color=&#8221;gcid-7fb39c74-6696-4b04-920d-3624ea959f6b&#8221; header_2_text_align=&#8221;center&#8221; header_2_text_color=&#8221;gcid-7fb39c74-6696-4b04-920d-3624ea959f6b&#8221; global_colors_info=&#8221;{%22gcid-7fb39c74-6696-4b04-920d-3624ea959f6b%22:%91%22header_text_color%22,%22header_2_text_color%22%93}&#8221;]<\/p>\n<h2>GIORDANO BRUNO<\/h2>\n<p>[\/et_pb_text][et_pb_text _builder_version=&#8221;4.20.2&#8243; _module_preset=&#8221;default&#8221; text_font_size=&#8221;18px&#8221; text_line_height=&#8221;1.8em&#8221; global_colors_info=&#8221;{}&#8221;]<\/p>\n<p>Nato a Nola (Napoli) nel 1548 da famiglia di modeste condizioni, viene mandato a studiare dai preti. Spirito brillante e irrequieto a 17 anni entr\u00f2 nel convento di San Domenico a Napoli. Prende l\u2019abito dei frati domenicani e continu\u00f2 ad approfondire filosofia e teologia. A 25 anni diventa sacerdote. Sospettato di eresia, and\u00f2 a Roma (1576), di qui, tolto l\u2019abito ecclesiastico, viaggi\u00f2 molto: Roma, Torino, Venezia, Praga, Londra, Oxford ma sempre nei guai per il suo libero pensiero. Scrive continuamente su tutto: astronomia, fisica, filosofia. Ragiona sull\u2019infinit\u00e0 dell\u2019universo, sulla molteplicit\u00e0 dei mondi, vede la terra come un granello in un cosmo infinito.<br \/>Tutti temi che erano fuori dalla dottrina ufficiale del tempo. Nel 1591, mentre era a Venezia, viene denunciato al Card. Roberto Bellarnino, gesuita e capo del Santo Uffizio (passato alla storia per i suoi interventi nel processo contro Giordano Bruno e Galileo Galilei). Imprigionato, inizialmente a Venezia, venne poi trasferito a Roma dove subisce molti interrogatori e torture. Il Sant\u2019 Uffizio si rende conto che, con il pensiero di G. Bruno, si potevano aprire spazi sconfinati sulla libert\u00e0 di pensiero, e gli propone di abiurare (rinnegare il proprio pensiero) ma, Giordano Bruno, rifiuta. Il 17 febbraio del 1600 viene condannato al rogo in quanto eretico e impenitente. Tutti i suoi libri vennero bruciati. Dopo 300 anni nel luogo del suo martirio \u00e8 stata eretta una statua in bronzo (Campo dei Fiori a Roma).<\/p>\n<p>[\/et_pb_text][et_pb_image src=&#8221;https:\/\/www.lionssansepolcro.it\/wp-content\/uploads\/2023\/10\/statua-di-Giordano-Bruno-Roma.jpg&#8221; alt=&#8221;Statua di Giordano Bruno Roma&#8221; title_text=&#8221;Statua di Giordano Bruno Roma&#8221; align=&#8221;center&#8221; _builder_version=&#8221;4.20.2&#8243; _module_preset=&#8221;default&#8221; global_colors_info=&#8221;{}&#8221;][\/et_pb_image][et_pb_text _builder_version=&#8221;4.20.2&#8243; _module_preset=&#8221;default&#8221; text_orientation=&#8221;center&#8221; global_colors_info=&#8221;{}&#8221;]<\/p>\n<p>Fig.4 &#8211; Statua di Giordano Bruno, Roma.<\/p>\n<p>[\/et_pb_text][et_pb_text _builder_version=&#8221;4.20.2&#8243; _module_preset=&#8221;default&#8221; header_2_text_color=&#8221;gcid-7fb39c74-6696-4b04-920d-3624ea959f6b&#8221; text_orientation=&#8221;center&#8221; global_colors_info=&#8221;{%22gcid-7fb39c74-6696-4b04-920d-3624ea959f6b%22:%91%22header_2_text_color%22%93}&#8221;]<\/p>\n<h2>Convento di San Agostino<\/h2>\n<p>[\/et_pb_text][et_pb_image src=&#8221;https:\/\/www.lionssansepolcro.it\/wp-content\/uploads\/2023\/10\/pianta-della-chiesa-e-del-convento-di-san-agostino-sansepolcro.jpg&#8221; title_text=&#8221;Pianta della Chiesa e del convento di San Agostino Sansepolcro&#8221; align=&#8221;center&#8221; _builder_version=&#8221;4.20.2&#8243; _module_preset=&#8221;default&#8221; global_colors_info=&#8221;{}&#8221;][\/et_pb_image][et_pb_text _builder_version=&#8221;4.20.2&#8243; _module_preset=&#8221;default&#8221; text_orientation=&#8221;center&#8221; global_colors_info=&#8221;{}&#8221;]Fig.5 &#8211; Pianta della chiesa e del convento.[\/et_pb_text][et_pb_text _builder_version=&#8221;4.20.2&#8243; _module_preset=&#8221;default&#8221; text_font_size=&#8221;18px&#8221; text_line_height=&#8221;1.8em&#8221; global_colors_info=&#8221;{}&#8221;]Costruito tra il 1580 e i primi del 600, si trova sul lato destro della chiesa e vi si accede da via Giordano Bruno. All\u2019interno del convento si trova il chiostro di<br \/>\nforma quadrata ed era il grande della citt\u00e0, delimitato da un loggiato. Nelle lunette del lato sinistro del chiostro, si vedono, anche se molto deteriorati, affreschi che rappresentano la vita di San Agostino attribuiti a pittori locali (Giovanni del Leone, Antonio Zoi, Antonio Picconi). Del convento \u00e8 rimasto il refettorio, dove \u00e8 presente in una lunetta, un affresco raffigurante la Cena a Emmaus. Non conosciamo l\u2019artista che realizz\u00f2 tale opera e attualmente \u00e8 stato coperto con un pannello in quanto si trova in un locale di propriet\u00e0 privata, come tutto il resto del convento.<br \/>\nLungo via Giordano Bruno, nel tratto che fu Via Buiana, si trova, a sinistra, Via del Pozzo. Anticamente, l\u2019orto del convento di S. Agostino arrivava fino a questa strada ma, nel tempo, parte di questo terreno \u00e8 stato usato per la costruzione di abitazioni prive di importanza architettonica. Costruzioni con tali caratteristiche costeggiano anche il lato destro,  Si pu\u00f2 solo aggiungere che queste abitazioni   hanno  orti o giardini che poggiano sulle antiche mura cinquecentesche, dove si intravvede un tratto del camminamento.[\/et_pb_text][et_pb_image src=&#8221;https:\/\/www.lionssansepolcro.it\/wp-content\/uploads\/2023\/10\/cena-a-emmaus-affresco-ex-refrettorio-convento-san-agostino-sansepolcro.jpg&#8221; title_text=&#8221;%22Cena a Emmaus%22 &#8211; Affresco ex-refrettorio convento San Agostino Sansepolcro&#8221; align=&#8221;center&#8221; _builder_version=&#8221;4.20.2&#8243; _module_preset=&#8221;default&#8221; width=&#8221;72%&#8221; global_colors_info=&#8221;{}&#8221;][\/et_pb_image][et_pb_text _builder_version=&#8221;4.20.2&#8243; _module_preset=&#8221;default&#8221; text_orientation=&#8221;center&#8221; global_colors_info=&#8221;{}&#8221;]Fig.6 &#8211; \u201cCena a Emmaus&#8221;, affresco, ex Refettorio del Convento di S. Agostino. [\/et_pb_text][et_pb_image src=&#8221;https:\/\/www.lionssansepolcro.it\/wp-content\/uploads\/2023\/10\/architrave-ingresso-principale-convento-san-agostino-sansepolcro.jpg&#8221; alt=&#8221;Architrave ingresso principale convento San Agostino Sansepolcro&#8221; title_text=&#8221;architrave-ingresso-principale-convento-san-agostino-sansepolcro&#8221; _builder_version=&#8221;4.20.2&#8243; _module_preset=&#8221;default&#8221; global_colors_info=&#8221;{}&#8221;][\/et_pb_image][et_pb_text _builder_version=&#8221;4.20.2&#8243; _module_preset=&#8221;default&#8221; text_orientation=&#8221;center&#8221; global_colors_info=&#8221;{}&#8221;]Fig.7 &#8211; Architrave dell\u2019ingresso principale.[\/et_pb_text][et_pb_text _builder_version=&#8221;4.20.2&#8243; _module_preset=&#8221;default&#8221; text_font_size=&#8221;18px&#8221; global_colors_info=&#8221;{}&#8221;]Lavoro di A. Camaiani[\/et_pb_text][et_pb_image src=&#8221;https:\/\/www.lionssansepolcro.it\/wp-content\/uploads\/2023\/11\/logo-universita-dell-eta-libera-sansepolcro.png&#8221; alt=&#8221;Universit\u00e0 dell&#8217;Et\u00e0 Libera &#8211; Sansepolcro&#8221; title_text=&#8221;Universit\u00e0 dell&#8217;Et\u00e0 Libera &#8211; Sansepolcro&#8221; align=&#8221;center&#8221; _builder_version=&#8221;4.20.2&#8243; _module_preset=&#8221;default&#8221; global_colors_info=&#8221;{}&#8221;][\/et_pb_image][\/et_pb_column][et_pb_column type=&#8221;1_5&#8243; _builder_version=&#8221;4.20.2&#8243; _module_preset=&#8221;default&#8221; global_colors_info=&#8221;{}&#8221;][\/et_pb_column][\/et_pb_row][\/et_pb_section]<\/p>","protected":false},"excerpt":{"rendered":"<p>VIA GIORDANO BRUNO QUARTIERE DI SAN BARTOLOMEO<span><span><a href=\"https:\/\/www.lionssansepolcro.it\/en\/\">Home<\/a><\/span><\/span> Ha un sviluppo verticale, perpendicolare alla Via Maestra, \u00e8 la pi\u00f9 vicina alla cinta muraria del lato Ovest rimasta intatta, mentre il tratto, che continua sopra la via Maestra, costeggia ancora le mura, che per\u00f2, in parte sono state abbattute. La strada, entrando in citt\u00e0 dall\u2019Arco di Porta [&hellip;]<\/p>","protected":false},"author":1,"featured_media":0,"parent":59,"menu_order":0,"comment_status":"closed","ping_status":"closed","template":"","meta":{"_et_pb_use_builder":"on","_et_pb_old_content":"","_et_gb_content_width":"","footnotes":""},"class_list":["post-9","page","type-page","status-publish","hentry"],"yoast_head":"<!-- This site is optimized with the Yoast SEO plugin v27.4 - https:\/\/yoast.com\/product\/yoast-seo-wordpress\/ -->\n<title>Via Giordano Bruno - Lions Sansepolcro<\/title>\n<meta name=\"robots\" content=\"noindex, nofollow\" \/>\n<meta property=\"og:locale\" content=\"en_GB\" \/>\n<meta property=\"og:type\" content=\"article\" \/>\n<meta property=\"og:title\" content=\"Via Giordano Bruno - Lions Sansepolcro\" \/>\n<meta property=\"og:description\" content=\"VIA GIORDANO BRUNO QUARTIERE DI SAN BARTOLOMEO Ha un sviluppo verticale, perpendicolare alla Via Maestra, \u00e8 la pi\u00f9 vicina alla cinta muraria del lato Ovest rimasta intatta, mentre il tratto, che continua sopra la via Maestra, costeggia ancora le mura, che per\u00f2, in parte sono state abbattute. La strada, entrando in citt\u00e0 dall\u2019Arco di Porta [&hellip;]\" \/>\n<meta property=\"og:url\" content=\"https:\/\/www.lionssansepolcro.it\/en\/sansepolcro\/via-giordano-bruno-sansepolcro\/\" \/>\n<meta property=\"og:site_name\" content=\"Lions Sansepolcro\" \/>\n<meta property=\"article:modified_time\" content=\"2024-02-01T08:06:29+00:00\" \/>\n<meta name=\"twitter:card\" content=\"summary_large_image\" \/>\n<meta name=\"twitter:label1\" content=\"Estimated reading time\" \/>\n\t<meta name=\"twitter:data1\" content=\"9 minutes\" \/>\n<script type=\"application\/ld+json\" class=\"yoast-schema-graph\">{\"@context\":\"https:\\\/\\\/schema.org\",\"@graph\":[{\"@type\":\"WebPage\",\"@id\":\"https:\\\/\\\/www.lionssansepolcro.it\\\/sansepolcro\\\/via-giordano-bruno-sansepolcro\\\/\",\"url\":\"https:\\\/\\\/www.lionssansepolcro.it\\\/sansepolcro\\\/via-giordano-bruno-sansepolcro\\\/\",\"name\":\"Via Giordano Bruno - Lions Sansepolcro\",\"isPartOf\":{\"@id\":\"https:\\\/\\\/www.lionssansepolcro.it\\\/#website\"},\"datePublished\":\"2023-10-23T10:51:19+00:00\",\"dateModified\":\"2024-02-01T08:06:29+00:00\",\"breadcrumb\":{\"@id\":\"https:\\\/\\\/www.lionssansepolcro.it\\\/sansepolcro\\\/via-giordano-bruno-sansepolcro\\\/#breadcrumb\"},\"inLanguage\":\"en-GB\",\"potentialAction\":[{\"@type\":\"ReadAction\",\"target\":[\"https:\\\/\\\/www.lionssansepolcro.it\\\/sansepolcro\\\/via-giordano-bruno-sansepolcro\\\/\"]}]},{\"@type\":\"BreadcrumbList\",\"@id\":\"https:\\\/\\\/www.lionssansepolcro.it\\\/sansepolcro\\\/via-giordano-bruno-sansepolcro\\\/#breadcrumb\",\"itemListElement\":[{\"@type\":\"ListItem\",\"position\":1,\"name\":\"Home\",\"item\":\"https:\\\/\\\/www.lionssansepolcro.it\\\/\"},{\"@type\":\"ListItem\",\"position\":2,\"name\":\"Sansepolcro\",\"item\":\"https:\\\/\\\/www.lionssansepolcro.it\\\/sansepolcro\\\/\"},{\"@type\":\"ListItem\",\"position\":3,\"name\":\"Via Giordano Bruno\"}]},{\"@type\":\"WebSite\",\"@id\":\"https:\\\/\\\/www.lionssansepolcro.it\\\/#website\",\"url\":\"https:\\\/\\\/www.lionssansepolcro.it\\\/\",\"name\":\"Lions Sansepolcro\",\"description\":\"\",\"potentialAction\":[{\"@type\":\"SearchAction\",\"target\":{\"@type\":\"EntryPoint\",\"urlTemplate\":\"https:\\\/\\\/www.lionssansepolcro.it\\\/?s={search_term_string}\"},\"query-input\":{\"@type\":\"PropertyValueSpecification\",\"valueRequired\":true,\"valueName\":\"search_term_string\"}}],\"inLanguage\":\"en-GB\"}]}<\/script>\n<!-- \/ Yoast SEO plugin. -->","yoast_head_json":{"title":"Via Giordano Bruno - Lions Sansepolcro","robots":{"index":"noindex","follow":"nofollow"},"og_locale":"en_GB","og_type":"article","og_title":"Via Giordano Bruno - Lions Sansepolcro","og_description":"VIA GIORDANO BRUNO QUARTIERE DI SAN BARTOLOMEO Ha un sviluppo verticale, perpendicolare alla Via Maestra, \u00e8 la pi\u00f9 vicina alla cinta muraria del lato Ovest rimasta intatta, mentre il tratto, che continua sopra la via Maestra, costeggia ancora le mura, che per\u00f2, in parte sono state abbattute. La strada, entrando in citt\u00e0 dall\u2019Arco di Porta [&hellip;]","og_url":"https:\/\/www.lionssansepolcro.it\/en\/sansepolcro\/via-giordano-bruno-sansepolcro\/","og_site_name":"Lions Sansepolcro","article_modified_time":"2024-02-01T08:06:29+00:00","twitter_card":"summary_large_image","twitter_misc":{"Estimated reading time":"9 minutes"},"schema":{"@context":"https:\/\/schema.org","@graph":[{"@type":"WebPage","@id":"https:\/\/www.lionssansepolcro.it\/sansepolcro\/via-giordano-bruno-sansepolcro\/","url":"https:\/\/www.lionssansepolcro.it\/sansepolcro\/via-giordano-bruno-sansepolcro\/","name":"Via Giordano Bruno - Lions Sansepolcro","isPartOf":{"@id":"https:\/\/www.lionssansepolcro.it\/#website"},"datePublished":"2023-10-23T10:51:19+00:00","dateModified":"2024-02-01T08:06:29+00:00","breadcrumb":{"@id":"https:\/\/www.lionssansepolcro.it\/sansepolcro\/via-giordano-bruno-sansepolcro\/#breadcrumb"},"inLanguage":"en-GB","potentialAction":[{"@type":"ReadAction","target":["https:\/\/www.lionssansepolcro.it\/sansepolcro\/via-giordano-bruno-sansepolcro\/"]}]},{"@type":"BreadcrumbList","@id":"https:\/\/www.lionssansepolcro.it\/sansepolcro\/via-giordano-bruno-sansepolcro\/#breadcrumb","itemListElement":[{"@type":"ListItem","position":1,"name":"Home","item":"https:\/\/www.lionssansepolcro.it\/"},{"@type":"ListItem","position":2,"name":"Sansepolcro","item":"https:\/\/www.lionssansepolcro.it\/sansepolcro\/"},{"@type":"ListItem","position":3,"name":"Via Giordano Bruno"}]},{"@type":"WebSite","@id":"https:\/\/www.lionssansepolcro.it\/#website","url":"https:\/\/www.lionssansepolcro.it\/","name":"Lions Sansepolcro","description":"","potentialAction":[{"@type":"SearchAction","target":{"@type":"EntryPoint","urlTemplate":"https:\/\/www.lionssansepolcro.it\/?s={search_term_string}"},"query-input":{"@type":"PropertyValueSpecification","valueRequired":true,"valueName":"search_term_string"}}],"inLanguage":"en-GB"}]}},"_links":{"self":[{"href":"https:\/\/www.lionssansepolcro.it\/en\/wp-json\/wp\/v2\/pages\/9","targetHints":{"allow":["GET"]}}],"collection":[{"href":"https:\/\/www.lionssansepolcro.it\/en\/wp-json\/wp\/v2\/pages"}],"about":[{"href":"https:\/\/www.lionssansepolcro.it\/en\/wp-json\/wp\/v2\/types\/page"}],"author":[{"embeddable":true,"href":"https:\/\/www.lionssansepolcro.it\/en\/wp-json\/wp\/v2\/users\/1"}],"replies":[{"embeddable":true,"href":"https:\/\/www.lionssansepolcro.it\/en\/wp-json\/wp\/v2\/comments?post=9"}],"version-history":[{"count":26,"href":"https:\/\/www.lionssansepolcro.it\/en\/wp-json\/wp\/v2\/pages\/9\/revisions"}],"predecessor-version":[{"id":346,"href":"https:\/\/www.lionssansepolcro.it\/en\/wp-json\/wp\/v2\/pages\/9\/revisions\/346"}],"up":[{"embeddable":true,"href":"https:\/\/www.lionssansepolcro.it\/en\/wp-json\/wp\/v2\/pages\/59"}],"wp:attachment":[{"href":"https:\/\/www.lionssansepolcro.it\/en\/wp-json\/wp\/v2\/media?parent=9"}],"curies":[{"name":"wp","href":"https:\/\/api.w.org\/{rel}","templated":true}]}}